{"id":2824,"date":"2025-01-12T14:00:19","date_gmt":"2025-01-12T13:00:19","guid":{"rendered":"https:\/\/www.fundacionmas.ec\/inicio\/?page_id=2824"},"modified":"2025-02-21T14:49:07","modified_gmt":"2025-02-21T19:49:07","slug":"valores-corporativos","status":"publish","type":"page","link":"https:\/\/www.fundacionmas.ec\/inicio\/index.php\/valores-corporativos\/","title":{"rendered":"Valores Corporativos"},"content":{"rendered":"\t\t<div data-elementor-type=\"wp-page\" data-elementor-id=\"2824\" class=\"elementor elementor-2824\">\n\t\t\t\t\t\t<section class=\"elementor-section elementor-top-section elementor-element elementor-element-4cb7f4cb elementor-section-full_width elementor-section-height-default elementor-section-height-default\" data-id=\"4cb7f4cb\" data-element_type=\"section\">\n\t\t\t\t\t\t<div class=\"elementor-container elementor-column-gap-no\">\n\t\t\t\t\t<div class=\"elementor-column elementor-col-100 elementor-top-column elementor-element elementor-element-4025363e\" data-id=\"4025363e\" data-element_type=\"column\">\n\t\t\t<div class=\"elementor-widget-wrap elementor-element-populated\">\n\t\t\t\t\t\t<div class=\"elementor-element elementor-element-889d6c7 elementor-widget elementor-widget-loveicon_mission_vision\" data-id=\"889d6c7\" data-element_type=\"widget\" data-widget_type=\"loveicon_mission_vision.default\">\n\t\t\t\t<div class=\"elementor-widget-container\">\n\t\t\t\t\t            <section class=\"mission-vision-area\">\r\n                <div class=\"mission-vision-area_bg\" style=\"background-image: url(https:\/\/www.fundacionmas.ec\/inicio\/wp-content\/uploads\/2021\/06\/mission-vision-area_bg.jpg);\"><\/div>\r\n                <div class=\"container\">\r\n                    <div class=\"row\">\r\n                        <div class=\"col-xl-12\">\r\n                            <div class=\"mission-vision-tabs tabs-box\">\r\n                                <div class=\"shape1\">\r\n                                    <img decoding=\"async\" width=\"141\" height=\"75\" src=\"https:\/\/www.fundacionmas.ec\/inicio\/wp-content\/uploads\/2021\/06\/thm-shape-13.png\" class=\"attachment-full size-full\" alt=\"\" \/>                                <\/div>\r\n                                <div class=\"tab-button-column clearfix\">\r\n                                    <ul class=\"tab-buttons clearfix\">\r\n                                                                                    <!--tab list -->\r\n                                            <li data-tab=\"#9801051\" class=\"tab-btn active-btn \">Prop\u00f3sito<\/li>\r\n                                                                                    <!--tab list -->\r\n                                            <li data-tab=\"#9801052\" class=\"tab-btn  style2\">Misi\u00f3n<\/li>\r\n                                                                                    <!--tab list -->\r\n                                            <li data-tab=\"#9801053\" class=\"tab-btn  style3\">Visi\u00f3n<\/li>\r\n                                                                            <\/ul>\r\n                                <\/div>\r\n                                <div class=\"mission-vision-content-column clearfix text-right-rtl\">\r\n                                    <div class=\"tabs-content\">\r\n                                                                                    <div class=\"tab active-tab\" id=\"9801051\">\r\n                                                <div class=\"row clearfix\">\r\n                                                    <div class=\"col-xl-5\">\r\n                                                        <div class=\"mission-vision-image-box1\">\r\n                                                            <img fetchpriority=\"high\" decoding=\"async\" width=\"400\" height=\"435\" src=\"https:\/\/www.fundacionmas.ec\/inicio\/wp-content\/uploads\/2021\/06\/mission-vision-image-1.jpg\" class=\"attachment-full size-full\" alt=\"\" \/>                                                        <\/div>\r\n                                                    <\/div>\r\n                                                    <div class=\"col-xl-7\">\r\n                                                        <div class=\"mission-vision-content-box1\">\r\n                                                            <h2>Nuestra raz\u00f3n de existencia<\/h2>\r\n                                                            <p>Repotenciar la educaci\u00f3n convirtiendo a las personas en agentes de cambio, a trav\u00e9s del desarrollo de sus habilidades cognitivas y emocionales\n<\/p>\r\n                                                            <ul>\r\n                                                                <li><span class=\"fa fa-check\"><\/span>Transformar la Educaci\u00f3n\n<\/li>\n                                                <li><span class=\"fa fa-check\"><\/span>Pensamiento Cr\u00edtico y Creativo<\/li>\n                                                <li><span class=\"fa fa-check\"><\/span>Formado para afrontar los desaf\u00edos del Futuro\n<\/li>\n                                                <li><span class=\"fa fa-check\"><\/span>Metodolog\u00edas Innovadoras y Efectivas\n<\/li>                                                            <\/ul>\r\n                                                            <div class=\"btn-box\">\r\n                                                                <a class=\"btn-one\" href=\"https:\/\/docs.google.com\/forms\/d\/e\/1FAIpQLSd-Cphks9asnnYqYHgsIpivydwlhrDbtgjljfHnRA_SGj3CVw\/viewform\" target=\"_blank\" >\r\n                                                                    <span class=\"txt\">Cont\u00e1ctanos<\/span>\r\n                                                                <\/a>\r\n                                                            <\/div>\r\n                                                        <\/div>\r\n                                                    <\/div>\r\n                                                <\/div>\r\n                                            <\/div>\r\n                                                                                    <div class=\"tab \" id=\"9801052\">\r\n                                                <div class=\"row clearfix\">\r\n                                                    <div class=\"col-xl-5\">\r\n                                                        <div class=\"mission-vision-image-box1\">\r\n                                                            <img decoding=\"async\" width=\"400\" height=\"435\" src=\"https:\/\/www.fundacionmas.ec\/inicio\/wp-content\/uploads\/2021\/06\/Mask-Group-1-2.png\" class=\"attachment-full size-full\" alt=\"\" \/>                                                        <\/div>\r\n                                                    <\/div>\r\n                                                    <div class=\"col-xl-7\">\r\n                                                        <div class=\"mission-vision-content-box1\">\r\n                                                            <h2>Qu\u00e9 hacemos<\/h2>\r\n                                                            <p>Promover la calidad educativa a trav\u00e9s del desarrollo de las habilidades cognitivas y emocionales, basadas en la Neuroeducaci\u00f3n, para formar l\u00edderes comprometidos que afrontes los desafios del futuro y transformen la educaci\u00f3n del ma\u00f1ana.<\/p>\r\n                                                            <ul>\r\n                                                                                                               <li><span class=\"fa fa-check\"><\/span>Promover y Difundir en la Sociedad la Metodolog\u00eda de Procesos de Pensamiento<\/li>\n                                                <li><span class=\"fa fa-check\"><\/span>\"No hay Pensamiento sin Emoci\u00f3n, ni Emoci\u00f3n sin Pensamiento\"\n<\/li>\n                                                <li><span class=\"fa fa-check\"><\/span>Inteligencia Emocional\n<\/li>\n <li><span class=\"fa fa-check\"><\/span>Acreditaci\u00f3n Internacional\n<\/li>                                                            <\/ul>\r\n                                                            <div class=\"btn-box\">\r\n                                                                <a class=\"btn-one\" href=\"https:\/\/docs.google.com\/forms\/d\/e\/1FAIpQLSd-Cphks9asnnYqYHgsIpivydwlhrDbtgjljfHnRA_SGj3CVw\/viewform\" target=\"_blank\" >\r\n                                                                    <span class=\"txt\">Cont\u00e1ctanos<\/span>\r\n                                                                <\/a>\r\n                                                            <\/div>\r\n                                                        <\/div>\r\n                                                    <\/div>\r\n                                                <\/div>\r\n                                            <\/div>\r\n                                                                                    <div class=\"tab \" id=\"9801053\">\r\n                                                <div class=\"row clearfix\">\r\n                                                    <div class=\"col-xl-5\">\r\n                                                        <div class=\"mission-vision-image-box1\">\r\n                                                            <img decoding=\"async\" width=\"400\" height=\"435\" src=\"https:\/\/www.fundacionmas.ec\/inicio\/wp-content\/uploads\/2021\/06\/Mask-Group-1-2.png\" class=\"attachment-full size-full\" alt=\"\" \/>                                                        <\/div>\r\n                                                    <\/div>\r\n                                                    <div class=\"col-xl-7\">\r\n                                                        <div class=\"mission-vision-content-box1\">\r\n                                                            <h2>Lo que ser\u00e1 FEMAS<\/h2>\r\n                                                            <p>Convertirnos en un referente para la educaci\u00f3n transformadora, potenciando las habilidades cognitivas y emocionales de las personas.<\/p>\r\n                                                            <ul>\r\n                                                                <li><span class=\"fa fa-check\"><\/span>Fundaci\u00f3n Educativa L\u00edder a nivel internacional\n<\/li>\n                                                <li><span class=\"fa fa-check\"><\/span>Formaci\u00f3n de personas <\/li>\n                                                <li><span class=\"fa fa-check\"><\/span>Compromiso con la Innovaci\u00f3n y Calidad Educativa\n<\/li>\n                                                <li><span class=\"fa fa-check\"><\/span>Impactando en la transformaci\u00f3n del pensamiento y del aprendizaje\n<\/li>                                                            <\/ul>\r\n                                                            <div class=\"btn-box\">\r\n                                                                <a class=\"btn-one\" href=\"https:\/\/docs.google.com\/forms\/d\/e\/1FAIpQLSd-Cphks9asnnYqYHgsIpivydwlhrDbtgjljfHnRA_SGj3CVw\/viewform\" target=\"_blank\" >\r\n                                                                    <span class=\"txt\">Cont\u00e1ctanos<\/span>\r\n                                                                <\/a>\r\n                                                            <\/div>\r\n                                                        <\/div>\r\n                                                    <\/div>\r\n                                                <\/div>\r\n                                            <\/div>\r\n                                                                            <\/div>\r\n                                <\/div>\r\n                            <\/div>\r\n                        <\/div>\r\n                    <\/div>\r\n                <\/div>\r\n            <\/section>\r\n        \t\t\t\t<\/div>\n\t\t\t\t<\/div>\n\t\t\t\t\t<\/div>\n\t\t<\/div>\n\t\t\t\t\t<\/div>\n\t\t<\/section>\n\t\t\t\t<section class=\"elementor-section elementor-top-section elementor-element elementor-element-0853bd1 elementor-section-full_width elementor-section-height-default elementor-section-height-default\" data-id=\"0853bd1\" data-element_type=\"section\">\n\t\t\t\t\t\t<div class=\"elementor-container elementor-column-gap-no\">\n\t\t\t\t\t<div class=\"elementor-column elementor-col-100 elementor-top-column elementor-element elementor-element-3fe1e59\" data-id=\"3fe1e59\" data-element_type=\"column\">\n\t\t\t<div class=\"elementor-widget-wrap elementor-element-populated\">\n\t\t\t\t\t\t<div class=\"elementor-element elementor-element-8546b16 elementor-widget elementor-widget-loveicon_features\" data-id=\"8546b16\" data-element_type=\"widget\" data-widget_type=\"loveicon_features.default\">\n\t\t\t\t<div class=\"elementor-widget-container\">\n\t\t\t\t\t\t  <!--Start  Features Style3 Arae-->\r\n\t  <section class=\"features-style3-area\">\r\n\t\t<div class=\"auto-container\">\r\n\t\t  <div class=\"row\">\r\n\t\t\t\t\t\t  <!--Start Features Style3 Single-->\r\n\t\t\t  <div class=\"col-xl-4 col-lg-4\">\r\n\t\t\t\t<div class=\"features-style3_single\">\r\n\t\t\t\t  <div class=\"shape-1 zoom-fade\">\r\n\t\t\t\t\t\t\t\t\t\t  <img decoding=\"async\" src=\"https:\/\/www.fundacionmas.ec\/inicio\/wp-content\/uploads\/2021\/06\/thm-shape-11.png\" alt=\"\">\r\n\t\t\t\t\t\t\t\t\t\t  <\/div>\r\n\t\t\t\t  <div class=\"shape-2 zoominout\">\r\n\t\t\t\t\t\t\t\t\t\t  <img decoding=\"async\" src=\"https:\/\/www.fundacionmas.ec\/inicio\/wp-content\/uploads\/2021\/06\/thm-shape-12.png\" alt=\"\">\r\n\t\t\t\t\t\t\t\t\t\t  <\/div>\r\n\t\t\t\t  <div class=\"img-holder\">\r\n\t\t\t\t\t\t\t\t\t\t  <img decoding=\"async\" src=\"https:\/\/www.fundacionmas.ec\/inicio\/wp-content\/uploads\/2021\/06\/features-1.jpg\" alt=\"\">\r\n\t\t\t\t\t\t\t\t\t\t\t<div class=\"inner-content\">\r\n\t\t\t\t\t  <div class=\"title\">\r\n\t\t\t\t\t\t<div class=\"features-style3_title-bg\" style=\"background-image: url(https:\/\/www.fundacionmas.ec\/inicio\/wp-content\/uploads\/2021\/06\/features-title-bg.png);\"><\/div>\r\n\t\t\t\t\t\t<h2>Inspirar y Ayudar<\/h2>\r\n\t\t\t\t\t\t<p>Estudiantes y Docentes<\/p>\r\n\t\t\t\t\t  <\/div>\r\n\t\t\t\t\t<\/div>\r\n\t\t\t\t  <\/div>\r\n\t\t\t\t<\/div>\r\n\t\t\t  <\/div>\r\n\t\t\t  <!--End Features Style3 Single-->\r\n\t\t\t\t\t\t\t  <!--Start Features Style3 Single-->\r\n\t\t\t  <div class=\"col-xl-4 col-lg-4\">\r\n\t\t\t\t<div class=\"features-style3_single middle\">\r\n\t\t\t\t  <div class=\"shape-1 zoom-fade\">\r\n\t\t\t\t\t\t\t\t\t\t  <img decoding=\"async\" src=\"https:\/\/www.fundacionmas.ec\/inicio\/wp-content\/uploads\/2021\/06\/thm-shape-11.png\" alt=\"\">\r\n\t\t\t\t\t\t\t\t\t\t  <\/div>\r\n\t\t\t\t  <div class=\"shape-2 zoominout\">\r\n\t\t\t\t\t\t\t\t\t\t  <img decoding=\"async\" src=\"https:\/\/www.fundacionmas.ec\/inicio\/wp-content\/uploads\/2021\/06\/thm-shape-12.png\" alt=\"\">\r\n\t\t\t\t\t\t\t\t\t\t  <\/div>\r\n\t\t\t\t  <div class=\"img-holder\">\r\n\t\t\t\t\t\t\t\t\t\t  <img decoding=\"async\" src=\"https:\/\/www.fundacionmas.ec\/inicio\/wp-content\/uploads\/2021\/06\/features-2.jpg\" alt=\"\">\r\n\t\t\t\t\t\t\t\t\t\t\t<div class=\"inner-content\">\r\n\t\t\t\t\t  <div class=\"title\">\r\n\t\t\t\t\t\t<div class=\"features-style3_title-bg\" style=\"background-image: url(https:\/\/www.fundacionmas.ec\/inicio\/wp-content\/uploads\/2021\/06\/features-title-bg.png);\"><\/div>\r\n\t\t\t\t\t\t<h2>Calidad de Vida<\/h2>\r\n\t\t\t\t\t\t<p>Mejora en la comunidad<\/p>\r\n\t\t\t\t\t  <\/div>\r\n\t\t\t\t\t<\/div>\r\n\t\t\t\t  <\/div>\r\n\t\t\t\t<\/div>\r\n\t\t\t  <\/div>\r\n\t\t\t  <!--End Features Style3 Single-->\r\n\t\t\t\t\t\t\t  <!--Start Features Style3 Single-->\r\n\t\t\t  <div class=\"col-xl-4 col-lg-4\">\r\n\t\t\t\t<div class=\"features-style3_single\">\r\n\t\t\t\t  <div class=\"shape-1 zoom-fade\">\r\n\t\t\t\t\t\t\t\t\t\t  <img decoding=\"async\" src=\"https:\/\/www.fundacionmas.ec\/inicio\/wp-content\/uploads\/2021\/06\/thm-shape-11.png\" alt=\"\">\r\n\t\t\t\t\t\t\t\t\t\t  <\/div>\r\n\t\t\t\t  <div class=\"shape-2 zoominout\">\r\n\t\t\t\t\t\t\t\t\t\t  <img decoding=\"async\" src=\"https:\/\/www.fundacionmas.ec\/inicio\/wp-content\/uploads\/2021\/06\/thm-shape-12.png\" alt=\"\">\r\n\t\t\t\t\t\t\t\t\t\t  <\/div>\r\n\t\t\t\t  <div class=\"img-holder\">\r\n\t\t\t\t\t\t\t\t\t\t  <img decoding=\"async\" src=\"https:\/\/www.fundacionmas.ec\/inicio\/wp-content\/uploads\/2021\/06\/features-3.jpg\" alt=\"\">\r\n\t\t\t\t\t\t\t\t\t\t\t<div class=\"inner-content\">\r\n\t\t\t\t\t  <div class=\"title\">\r\n\t\t\t\t\t\t<div class=\"features-style3_title-bg\" style=\"background-image: url(https:\/\/www.fundacionmas.ec\/inicio\/wp-content\/uploads\/2021\/06\/features-title-bg.png);\"><\/div>\r\n\t\t\t\t\t\t<h2>Inteligencia Emocional<\/h2>\r\n\t\t\t\t\t\t<p>Estilo de vida<\/p>\r\n\t\t\t\t\t  <\/div>\r\n\t\t\t\t\t<\/div>\r\n\t\t\t\t  <\/div>\r\n\t\t\t\t<\/div>\r\n\t\t\t  <\/div>\r\n\t\t\t  <!--End Features Style3 Single-->\r\n\t\t\t\t\t\t  <\/div>\r\n\t\t<\/div>\r\n\t  <\/section>\r\n\t  <!--End Features Style3 Arae-->\r\n\t\t\t\t\t\t\t<\/div>\n\t\t\t\t<\/div>\n\t\t\t\t\t<\/div>\n\t\t<\/div>\n\t\t\t\t\t<\/div>\n\t\t<\/section>\n\t\t\t\t<\/div>\n\t\t","protected":false},"excerpt":{"rendered":"<p>Prop\u00f3sito Misi\u00f3n Visi\u00f3n Nuestra raz\u00f3n de existencia Repotenciar la educaci\u00f3n convirtiendo a las personas en agentes de cambio, a trav\u00e9s [&hellip;]<\/p>\n","protected":false},"author":1,"featured_media":1256,"parent":0,"menu_order":0,"comment_status":"closed","ping_status":"closed","template":"elementor_header_footer","meta":{"footnotes":""},"class_list":["post-2824","page","type-page","status-publish","has-post-thumbnail","hentry"],"aioseo_notices":[],"_links":{"self":[{"href":"https:\/\/www.fundacionmas.ec\/inicio\/index.php\/wp-json\/wp\/v2\/pages\/2824","targetHints":{"allow":["GET"]}}],"collection":[{"href":"https:\/\/www.fundacionmas.ec\/inicio\/index.php\/wp-json\/wp\/v2\/pages"}],"about":[{"href":"https:\/\/www.fundacionmas.ec\/inicio\/index.php\/wp-json\/wp\/v2\/types\/page"}],"author":[{"embeddable":true,"href":"https:\/\/www.fundacionmas.ec\/inicio\/index.php\/wp-json\/wp\/v2\/users\/1"}],"replies":[{"embeddable":true,"href":"https:\/\/www.fundacionmas.ec\/inicio\/index.php\/wp-json\/wp\/v2\/comments?post=2824"}],"version-history":[{"count":50,"href":"https:\/\/www.fundacionmas.ec\/inicio\/index.php\/wp-json\/wp\/v2\/pages\/2824\/revisions"}],"predecessor-version":[{"id":3748,"href":"https:\/\/www.fundacionmas.ec\/inicio\/index.php\/wp-json\/wp\/v2\/pages\/2824\/revisions\/3748"}],"wp:featuredmedia":[{"embeddable":true,"href":"https:\/\/www.fundacionmas.ec\/inicio\/index.php\/wp-json\/wp\/v2\/media\/1256"}],"wp:attachment":[{"href":"https:\/\/www.fundacionmas.ec\/inicio\/index.php\/wp-json\/wp\/v2\/media?parent=2824"}],"curies":[{"name":"wp","href":"https:\/\/api.w.org\/{rel}","templated":true}]}}