{"id":2863,"date":"2025-01-14T01:41:42","date_gmt":"2025-01-14T00:41:42","guid":{"rendered":"https:\/\/www.fundacionmas.ec\/inicio\/?page_id=2863"},"modified":"2025-01-17T17:37:19","modified_gmt":"2025-01-17T16:37:19","slug":"nuestros-referentes","status":"publish","type":"page","link":"https:\/\/www.fundacionmas.ec\/inicio\/index.php\/nuestros-referentes\/","title":{"rendered":"Nuestros Referentes"},"content":{"rendered":"\t\t<div data-elementor-type=\"wp-page\" data-elementor-id=\"2863\" class=\"elementor elementor-2863\">\n\t\t\t\t\t\t<section class=\"elementor-section elementor-top-section elementor-element elementor-element-a858888 elementor-section-full_width elementor-section-height-default elementor-section-height-default\" data-id=\"a858888\" data-element_type=\"section\">\n\t\t\t\t\t\t<div class=\"elementor-container elementor-column-gap-no\">\n\t\t\t\t\t<div class=\"elementor-column elementor-col-100 elementor-top-column elementor-element elementor-element-f709831\" data-id=\"f709831\" data-element_type=\"column\">\n\t\t\t<div class=\"elementor-widget-wrap\">\n\t\t\t\t\t\t\t<\/div>\n\t\t<\/div>\n\t\t\t\t\t<\/div>\n\t\t<\/section>\n\t\t\t\t<section class=\"elementor-section elementor-top-section elementor-element elementor-element-3041018 elementor-section-full_width elementor-section-height-default elementor-section-height-default\" data-id=\"3041018\" data-element_type=\"section\">\n\t\t\t\t\t\t<div class=\"elementor-container elementor-column-gap-no\">\n\t\t\t\t\t<div class=\"elementor-column elementor-col-100 elementor-top-column elementor-element elementor-element-1517331\" data-id=\"1517331\" data-element_type=\"column\">\n\t\t\t<div class=\"elementor-widget-wrap\">\n\t\t\t\t\t\t\t<\/div>\n\t\t<\/div>\n\t\t\t\t\t<\/div>\n\t\t<\/section>\n\t\t\t\t<section class=\"elementor-section elementor-top-section elementor-element elementor-element-acf223e elementor-section-full_width elementor-section-height-default elementor-section-height-default\" data-id=\"acf223e\" data-element_type=\"section\">\n\t\t\t\t\t\t<div class=\"elementor-container elementor-column-gap-no\">\n\t\t\t\t\t<div class=\"elementor-column elementor-col-100 elementor-top-column elementor-element elementor-element-63490a3\" data-id=\"63490a3\" data-element_type=\"column\">\n\t\t\t<div class=\"elementor-widget-wrap elementor-element-populated\">\n\t\t\t\t\t\t<div class=\"elementor-element elementor-element-b6d7e00 elementor-widget elementor-widget-loveicon_about_two\" data-id=\"b6d7e00\" data-element_type=\"widget\" data-widget_type=\"loveicon_about_two.default\">\n\t\t\t\t<div class=\"elementor-widget-container\">\n\t\t\t\t\t\t\t<!--Start About Style2 Area-->\r\n\t\t<section class=\"about-style2-area pd120-0-0\">\r\n\t\t\t<div class=\"container\">\r\n\t\t\t\t<div class=\"row\">\r\n\t\t\t\t\t<div class=\"col-xl-7 text-right-rtl\">\r\n\t\t\t\t\t\t<div class=\"about-style2_content-box\">\r\n\t\t\t\t\t\t\t<div class=\"thm-shape1 wow slideInLeft\" data-wow-delay=\"0ms\" data-wow-duration=\"3500ms\">\r\n\t\t\t\t\t\t\t\t<img decoding=\"async\" class=\"rotate-me\" src=\"https:\/\/www.fundacionmas.ec\/inicio\/wp-content\/uploads\/2021\/06\/thm-shape-1.png\" alt=\"loveicon\">\r\n\t\t\t\t\t\t\t<\/div>\r\n\t\t\t\t\t\t\t<div class=\"sec-title\">\r\n\t\t\t\t\t\t\t\t<div class=\"sub-title martop0\">\r\n\t\t\t\t\t\t\t\t\t<div class=\"inner\">\r\n\t\t\t\t\t\t\t\t\t\t<h3>\u201cNo hay pensamiento sin emoci\u00f3n, ni emoci\u00f3n sin pensamiento\u201d.<\/h3>\r\n\t\t\t\t\t\t\t\t\t<\/div>\r\n\t\t\t\t\t\t\t\t<\/div>\r\n\t\t\t\t\t\t\t\t<h2>Margarita Amestoy de S\u00e1nchez <\/h2>\r\n\t\t\t\t\t\t\t<\/div>\r\n\t\t\t\t\t\t\t<div class=\"inner-content\">\r\n\t\t\t\t\t\t\t\t<p><p align=justify>Nace en la poblaci\u00f3n de Altagracia de Orituco (estado Gu\u00e1rico) el 24 de noviembre de 1929. Falleciendo en Caracas a comienzo de abril de 2008. Curs\u00e9 la carrera de Qu\u00edmica Industrial en el Instituto Rodolfo Arismendi, a\u00f1o despu\u00e9s consegu\u00ed el t\u00edtulo de Profesora de Educaci\u00f3n Secundaria en Matem\u00e1ticas y F\u00edsica, lo que me inspir\u00f3 a realizar un posgrado en F\u00edsica.\nA partir de 1979 se dedic\u00f3 al estudio de las ciencias cognitivas en su natal Venezuela, colaborando primero en el Ministerio de Educaci\u00f3n y luego para el Ministerio del Desarrollo de la Inteligencia, liderado por Luis Alberto Machado, quien junto a otras grandes personas lograron incursionar en nuevos proyectos. <\/p><br>\n<p align=justify>Amestoy es ampliamente reconocida por su valiosa contribuci\u00f3n al \u00e1mbito educativo mediante la creaci\u00f3n de la <b>Metodolog\u00eda del Desarrollo del Pensamiento.<\/b> Este enfoque se centr\u00f3 en fomentar habilidades cognitivas cr\u00edticas, creativas y reflexivas en los estudiantes, promoviendo procesos de aprendizaje m\u00e1s aut\u00f3nomos y significativos. Su trabajo ha influido profundamente en los sistemas educativos de Am\u00e9rica Latina, dejando un legado importante en la formaci\u00f3n pedag\u00f3gica y en la implementaci\u00f3n de estrategias did\u00e1cticas innovadoras. <\/p>\n<\/p>\r\n\t\t\t\t\t\t\t\t<ul>\r\n\r\n\t\t\t\t\t\t\t\t\t\t\t\t\t\t\t\t\t\t\t<li class=\"\">\r\n\t\t\t\t\t\t\t\t\t\t\t<div class=\"left\">\r\n\t\t\t\t\t\t\t\t\t\t\t\t<div class=\"icon\">\r\n\t\t\t\t\t\t\t\t\t\t\t\t\t<img decoding=\"async\" width=\"250\" height=\"56\" src=\"https:\/\/www.fundacionmas.ec\/inicio\/wp-content\/uploads\/2021\/06\/cropped-logoweb1.png\" class=\"attachment-full size-full\" alt=\"\" \/>\t\t\t\t\t\t\t\t\t\t\t\t<\/div>\r\n\t\t\t\t\t\t\t\t\t\t\t\t<div class=\"count-outer count-box style4\">\r\n\t\t\t\t\t\t\t\t\t\t\t\t\t<span class=\"count-text\" data-speed=\"3000\" data-stop=\"\"><\/span><span><\/span>\r\n\t\t\t\t\t\t\t\t\t\t\t\t\t<h5><\/h5>\r\n\t\t\t\t\t\t\t\t\t\t\t\t<\/div>\r\n\t\t\t\t\t\t\t\t\t\t\t<\/div>\r\n\t\t\t\t\t\t\t\t\t\t\t<div class=\"right\">\r\n\t\t\t\t\t\t\t\t\t\t\t\t<div class=\"text\">\r\n\t\t\t\t\t\t\t\t\t\t\t\t\t<p><\/p>\r\n\t\t\t\t\t\t\t\t\t\t\t\t<\/div>\r\n\t\t\t\t\t\t\t\t\t\t\t<\/div>\r\n\t\t\t\t\t\t\t\t\t\t<\/li>\r\n\t\t\t\t\t\t\t\t\t\r\n\t\t\t\t\t\t\t\t<\/ul>\r\n\t\t\t\t\t\t\t<\/div>\r\n\t\t\t\t\t\t<\/div>\r\n\t\t\t\t\t<\/div>\r\n\r\n\t\t\t\t\t<div class=\"col-xl-5\">\r\n\t\t\t\t\t\t<div class=\"about-style2_image-box\">\r\n\t\t\t\t\t\t\t<img fetchpriority=\"high\" decoding=\"async\" width=\"600\" height=\"700\" src=\"https:\/\/www.fundacionmas.ec\/inicio\/wp-content\/uploads\/2025\/01\/MARGARITA-foto-small.png\" class=\"attachment-full size-full\" alt=\"\" \/>\t\t\t\t\t\t<\/div>\r\n\t\t\t\t\t<\/div>\r\n\r\n\t\t\t\t<\/div>\r\n\t\t\t<\/div>\r\n\t\t<\/section>\r\n\t\t<!--End About Style2 Area-->\r\n\t\t\t\t<\/div>\n\t\t\t\t<\/div>\n\t\t\t\t\t<\/div>\n\t\t<\/div>\n\t\t\t\t\t<\/div>\n\t\t<\/section>\n\t\t\t\t<section class=\"elementor-section elementor-top-section elementor-element elementor-element-577f5ca elementor-section-full_width elementor-section-height-default elementor-section-height-default\" data-id=\"577f5ca\" data-element_type=\"section\">\n\t\t\t\t\t\t<div class=\"elementor-container elementor-column-gap-no\">\n\t\t\t\t\t<div class=\"elementor-column elementor-col-100 elementor-top-column elementor-element elementor-element-8680e2c\" data-id=\"8680e2c\" data-element_type=\"column\">\n\t\t\t<div class=\"elementor-widget-wrap elementor-element-populated\">\n\t\t\t\t\t\t<div class=\"elementor-element elementor-element-e296786 elementor-widget elementor-widget-loveicon_about_two\" data-id=\"e296786\" data-element_type=\"widget\" data-widget_type=\"loveicon_about_two.default\">\n\t\t\t\t<div class=\"elementor-widget-container\">\n\t\t\t\t\t\t\t<!--Start About Style2 Area-->\r\n\t\t<section class=\"about-style2-area pd120-0-0\">\r\n\t\t\t<div class=\"container\">\r\n\t\t\t\t<div class=\"row\">\r\n\t\t\t\t\t<div class=\"col-xl-7 text-right-rtl\">\r\n\t\t\t\t\t\t<div class=\"about-style2_content-box\">\r\n\t\t\t\t\t\t\t<div class=\"thm-shape1 wow slideInLeft\" data-wow-delay=\"0ms\" data-wow-duration=\"3500ms\">\r\n\t\t\t\t\t\t\t\t<img decoding=\"async\" class=\"rotate-me\" src=\"https:\/\/www.fundacionmas.ec\/inicio\/wp-content\/uploads\/2021\/06\/thm-shape-1.png\" alt=\"loveicon\">\r\n\t\t\t\t\t\t\t<\/div>\r\n\t\t\t\t\t\t\t<div class=\"sec-title\">\r\n\t\t\t\t\t\t\t\t<div class=\"sub-title martop0\">\r\n\t\t\t\t\t\t\t\t\t<div class=\"inner\">\r\n\t\t\t\t\t\t\t\t\t\t<h3>\u201cNuestros sentimientos nos ayudan a concentrarnos en nuestros pensamientos, solo al convertirnos en cient\u00edficos de las emociones seremos capaces de aprender las destrezas necesarias para utilizarlas con sensatez\u201d.<\/h3>\r\n\t\t\t\t\t\t\t\t\t<\/div>\r\n\t\t\t\t\t\t\t\t<\/div>\r\n\t\t\t\t\t\t\t\t<h2>Marc Brackett<\/h2>\r\n\t\t\t\t\t\t\t<\/div>\r\n\t\t\t\t\t\t\t<div class=\"inner-content\">\r\n\t\t\t\t\t\t\t\t<p><p align=justify>Es un psic\u00f3logo e investigador estadounidense, reconocido por su trabajo en inteligencia emocional y educaci\u00f3n. Obtuvo su doctorado en Psicolog\u00eda en la Universidad de New Hampshire en 2003, bajo la supervisi\u00f3n de John D. Mayer, un destacado acad\u00e9mico en inteligencia emocional. Es el director fundador del Centro de Inteligencia Emocional de la Universidad de Yale y creador de RULER, un enfoque basado en evidencia para el aprendizaje social y emocional que ha sido implementado en m\u00e1s de 5,000 escuelas a nivel mundial, mejorando la vida de millones de ni\u00f1os y adultos. \n<\/p><br>\n<p align=justify>Su investigaci\u00f3n se centra en el papel de la inteligencia emocional en el aprendizaje, la toma de decisiones, la creatividad, las relaciones, la salud f\u00edsica y mental, y el rendimiento en el lugar de trabajo.  Su trabajo ha tenido un impacto significativo en la integraci\u00f3n de la inteligencia emocional en sistemas educativos y organizaciones, promoviendo una comprensi\u00f3n m\u00e1s profunda de c\u00f3mo las emociones influyen en diversos aspectos de la vida humana.\n<\/p>\n<\/p>\r\n\t\t\t\t\t\t\t\t<ul>\r\n\r\n\t\t\t\t\t\t\t\t\t\t\t\t\t\t\t\t\t\t\t<li class=\"\">\r\n\t\t\t\t\t\t\t\t\t\t\t<div class=\"left\">\r\n\t\t\t\t\t\t\t\t\t\t\t\t<div class=\"icon\">\r\n\t\t\t\t\t\t\t\t\t\t\t\t\t<img decoding=\"async\" width=\"250\" height=\"56\" src=\"https:\/\/www.fundacionmas.ec\/inicio\/wp-content\/uploads\/2021\/06\/cropped-logoweb1.png\" class=\"attachment-full size-full\" alt=\"\" \/>\t\t\t\t\t\t\t\t\t\t\t\t<\/div>\r\n\t\t\t\t\t\t\t\t\t\t\t\t<div class=\"count-outer count-box style4\">\r\n\t\t\t\t\t\t\t\t\t\t\t\t\t<span class=\"count-text\" data-speed=\"3000\" data-stop=\"\"><\/span><span><\/span>\r\n\t\t\t\t\t\t\t\t\t\t\t\t\t<h5><\/h5>\r\n\t\t\t\t\t\t\t\t\t\t\t\t<\/div>\r\n\t\t\t\t\t\t\t\t\t\t\t<\/div>\r\n\t\t\t\t\t\t\t\t\t\t\t<div class=\"right\">\r\n\t\t\t\t\t\t\t\t\t\t\t\t<div class=\"text\">\r\n\t\t\t\t\t\t\t\t\t\t\t\t\t<p><\/p>\r\n\t\t\t\t\t\t\t\t\t\t\t\t<\/div>\r\n\t\t\t\t\t\t\t\t\t\t\t<\/div>\r\n\t\t\t\t\t\t\t\t\t\t<\/li>\r\n\t\t\t\t\t\t\t\t\t\r\n\t\t\t\t\t\t\t\t<\/ul>\r\n\t\t\t\t\t\t\t<\/div>\r\n\t\t\t\t\t\t<\/div>\r\n\t\t\t\t\t<\/div>\r\n\r\n\t\t\t\t\t<div class=\"col-xl-5\">\r\n\t\t\t\t\t\t<div class=\"about-style2_image-box\">\r\n\t\t\t\t\t\t\t<img decoding=\"async\" width=\"506\" height=\"600\" src=\"https:\/\/www.fundacionmas.ec\/inicio\/wp-content\/uploads\/2025\/01\/MARC-BRAKETT-small.jpg\" class=\"attachment-full size-full\" alt=\"\" \/>\t\t\t\t\t\t<\/div>\r\n\t\t\t\t\t<\/div>\r\n\r\n\t\t\t\t<\/div>\r\n\t\t\t<\/div>\r\n\t\t<\/section>\r\n\t\t<!--End About Style2 Area-->\r\n\t\t\t\t<\/div>\n\t\t\t\t<\/div>\n\t\t\t\t\t<\/div>\n\t\t<\/div>\n\t\t\t\t\t<\/div>\n\t\t<\/section>\n\t\t<div class=\"elementor-element elementor-element-cec1d6e e-flex e-con-boxed e-con e-parent\" data-id=\"cec1d6e\" data-element_type=\"container\">\n\t\t\t\t\t<div class=\"e-con-inner\">\n\t\t\t\t\t<\/div>\n\t\t\t\t<\/div>\n\t\t\t\t<\/div>\n\t\t","protected":false},"excerpt":{"rendered":"<p>\u201cNo hay pensamiento sin emoci\u00f3n, ni emoci\u00f3n sin pensamiento\u201d. Margarita Amestoy de S\u00e1nchez Nace en la poblaci\u00f3n de Altagracia de [&hellip;]<\/p>\n","protected":false},"author":1,"featured_media":1255,"parent":0,"menu_order":0,"comment_status":"closed","ping_status":"closed","template":"elementor_header_footer","meta":{"footnotes":""},"class_list":["post-2863","page","type-page","status-publish","has-post-thumbnail","hentry"],"aioseo_notices":[],"_links":{"self":[{"href":"https:\/\/www.fundacionmas.ec\/inicio\/index.php\/wp-json\/wp\/v2\/pages\/2863","targetHints":{"allow":["GET"]}}],"collection":[{"href":"https:\/\/www.fundacionmas.ec\/inicio\/index.php\/wp-json\/wp\/v2\/pages"}],"about":[{"href":"https:\/\/www.fundacionmas.ec\/inicio\/index.php\/wp-json\/wp\/v2\/types\/page"}],"author":[{"embeddable":true,"href":"https:\/\/www.fundacionmas.ec\/inicio\/index.php\/wp-json\/wp\/v2\/users\/1"}],"replies":[{"embeddable":true,"href":"https:\/\/www.fundacionmas.ec\/inicio\/index.php\/wp-json\/wp\/v2\/comments?post=2863"}],"version-history":[{"count":46,"href":"https:\/\/www.fundacionmas.ec\/inicio\/index.php\/wp-json\/wp\/v2\/pages\/2863\/revisions"}],"predecessor-version":[{"id":3005,"href":"https:\/\/www.fundacionmas.ec\/inicio\/index.php\/wp-json\/wp\/v2\/pages\/2863\/revisions\/3005"}],"wp:featuredmedia":[{"embeddable":true,"href":"https:\/\/www.fundacionmas.ec\/inicio\/index.php\/wp-json\/wp\/v2\/media\/1255"}],"wp:attachment":[{"href":"https:\/\/www.fundacionmas.ec\/inicio\/index.php\/wp-json\/wp\/v2\/media?parent=2863"}],"curies":[{"name":"wp","href":"https:\/\/api.w.org\/{rel}","templated":true}]}}