{"id":3423,"date":"2025-01-25T05:30:17","date_gmt":"2025-01-25T04:30:17","guid":{"rendered":"https:\/\/www.fundacionmas.ec\/inicio\/?page_id=3423"},"modified":"2025-02-21T07:13:41","modified_gmt":"2025-02-21T12:13:41","slug":"historia","status":"publish","type":"page","link":"https:\/\/www.fundacionmas.ec\/inicio\/index.php\/historia\/","title":{"rendered":"Historia"},"content":{"rendered":"\t\t<div data-elementor-type=\"wp-page\" data-elementor-id=\"3423\" class=\"elementor elementor-3423\">\n\t\t\t\t\t\t<section class=\"elementor-section elementor-top-section elementor-element elementor-element-a858888 elementor-section-full_width elementor-section-height-default elementor-section-height-default\" data-id=\"a858888\" data-element_type=\"section\">\n\t\t\t\t\t\t<div class=\"elementor-container elementor-column-gap-no\">\n\t\t\t\t\t<div class=\"elementor-column elementor-col-100 elementor-top-column elementor-element elementor-element-f709831\" data-id=\"f709831\" data-element_type=\"column\">\n\t\t\t<div class=\"elementor-widget-wrap\">\n\t\t\t\t\t\t\t<\/div>\n\t\t<\/div>\n\t\t\t\t\t<\/div>\n\t\t<\/section>\n\t\t\t\t<section class=\"elementor-section elementor-top-section elementor-element elementor-element-047d239 elementor-section-full_width elementor-section-height-default elementor-section-height-default\" data-id=\"047d239\" data-element_type=\"section\">\n\t\t\t\t\t\t<div class=\"elementor-container elementor-column-gap-no\">\n\t\t\t\t\t<div class=\"elementor-column elementor-col-100 elementor-top-column elementor-element elementor-element-2a11d7c\" data-id=\"2a11d7c\" data-element_type=\"column\">\n\t\t\t<div class=\"elementor-widget-wrap\">\n\t\t\t\t\t\t\t<\/div>\n\t\t<\/div>\n\t\t\t\t\t<\/div>\n\t\t<\/section>\n\t\t\t\t<section class=\"elementor-section elementor-top-section elementor-element elementor-element-9f68e4f elementor-section-full_width elementor-section-height-default elementor-section-height-default\" data-id=\"9f68e4f\" data-element_type=\"section\">\n\t\t\t\t\t\t<div class=\"elementor-container elementor-column-gap-no\">\n\t\t\t\t\t<div class=\"elementor-column elementor-col-100 elementor-top-column elementor-element elementor-element-8f30d43\" data-id=\"8f30d43\" data-element_type=\"column\">\n\t\t\t<div class=\"elementor-widget-wrap\">\n\t\t\t\t\t\t\t<\/div>\n\t\t<\/div>\n\t\t\t\t\t<\/div>\n\t\t<\/section>\n\t\t<div class=\"elementor-element elementor-element-d50edd9 e-flex e-con-boxed e-con e-parent\" data-id=\"d50edd9\" data-element_type=\"container\">\n\t\t\t\t\t<div class=\"e-con-inner\">\n\t\t\t\t<div class=\"elementor-element elementor-element-a92e0b5 elementor-widget elementor-widget-text-editor\" data-id=\"a92e0b5\" data-element_type=\"widget\" data-widget_type=\"text-editor.default\">\n\t\t\t\t<div class=\"elementor-widget-container\">\n\t\t\t\t\t\t\t\t\t<p>La Fundaci\u00f3n Educativa Margarita Amestoy de S\u00e1nchez, FEMAS, nace el 07 de marzo del 2019, bajo resoluci\u00f3n Nro. MINEDUC-SEDG-2019-00040-R, expedida por la Subsecretaria de Educaci\u00f3n de ese entonces, Mgs. Erika Lainez.<\/p><p>FEMAS es una organizaci\u00f3n sin fines de lucro, cuya finalidad es promover y difundir, la metodolog\u00eda de procesos de pensamiento desarrollada por Margarita Amestoy de S\u00e1nchez en la sociedad ecuatoriana, adem\u00e1s de dise\u00f1ar y ejecutar procesos de formaci\u00f3n con la finalidad de promover y realizar el establecimiento de un sistema de acreditaci\u00f3n que permita a Instituciones y empresas tener un referente de los procesos de pensamiento.<\/p><p>Dentro de sus objetivos se encuentran:<\/p><ul><li>* Promover y difundir la metodolog\u00eda de procesos de pensamiento desarrollada por Margarita Amestoy de S\u00e1nchez;<\/li><li>* Dise\u00f1ar, implementar y ejecutar un sistema de acreditaci\u00f3n que permita a instituciones y empresas para el proceso de pensamiento;<\/li><li>* Crear centros de formaci\u00f3n de para capacitar y acreditar profesionales en la metodolog\u00eda de pensamiento de desarrollada por Margarita Amestoy de S\u00e1nchez, a fin de que puedan ejercer este mecanismo al servicio de la ciudadan\u00eda.<\/li><li>* Acreditar a las instituciones y empresas en el sistema de metodolog\u00eda del pensamiento desarrollada por Margarita Amestoy de S\u00e1nchez.<\/li><li>* Desarrollar talleres de capacitaci\u00f3n, orientados preferentemente al tema educativo y al desarrollo de los recursos humanos empresariales.<\/li><li>* Publicar documentos y producir material educativo destinado al mejoramiento de la calidad de la educaci\u00f3n.<\/li><li>* Coordinar sus actividades con otras instituciones nacionales e internacionales que se relacionen con los fines de la Fundaci\u00f3n.<\/li><li>* Desarrollar programas de investigaci\u00f3n, consultor\u00edas y promover estudios y publicaciones tendentes a la consecuci\u00f3n de los fines de la Fundaci\u00f3n.<\/li><li>* Impulsar el desarrollo de la calidad educativa en el Ecuador, mediante programas destinados a desarrollar y fortalecer la investigaci\u00f3n y la creatividad, con el apoyo de investigadores e instituciones educativas nacionales y extranjeras con \u00e9nfasis en el desarrollo del pensamiento.<\/li><li>* Actuar como representante, mandataria, administradora o coordinadora de instituciones nacionales o extranjeras dedicadas a la educaci\u00f3n y capacitaci\u00f3n en el desarrollo del pensamiento.<\/li><li>* Realizar las acciones tendientes a la obtenci\u00f3n de recursos econ\u00f3micos y equipamiento de los centros de formaci\u00f3n y capacitaci\u00f3n, canalizando ofertas y donaciones nacionales e internacionales, contratos de prestaci\u00f3n de servicios e investigaci\u00f3n, que beneficien a la educaci\u00f3n ecuatoriana, permitiendo el cabal cumplimiento de sus fines.<\/li><li>* Firmar y ejecutar convenios de cooperaci\u00f3n t\u00e9cnica, cient\u00edfica, social y educativa con el prop\u00f3sito de dise\u00f1ar, dirigir y administrar proyectos, programas y trabajos relacionados a sus objetivos.<\/li><li>* Asociarse con personas naturales o con organizaciones del mismo objeto, nacionales o extranjeras, para proyectos o trabajos determinados o para el cumplimiento de los fines institucionales, formando asociaciones, consorcios o cualquier otro tipo de acuerdo permitido por la Ley.<\/li><li>* En general realizar todas aquellas actividades que no siendo prohibidas por la ley contribuyan al logro de sus fines y objetivos.<\/li><\/ul><p>\u00a0<\/p><p><span style=\"font-weight: 400;\">En esta l\u00ednea y durante su corta trayectoria, una de las m\u00e1s grandes propuestas con las que ha aportado FEMAS a la educaci\u00f3n ecuatoriana es su Programa Educativo para la Creatividad e Innovacio\u0301n -PECI -, dirigido a escuelas de nivel primario y medio.\u00a0\u00a0<\/span><\/p><p><span style=\"font-weight: 400;\">Este programa busca promover la Metodolog\u00eda de Desarrollo del pensamiento y emociones en las escuelas y colegios, a lo largo del territorio nacional.\u00a0 En el 2019, inici\u00f3 con el auspicio del Municipio de Guayaquil, que luego de unos meses, dej\u00f3 su participaci\u00f3n, aun as\u00ed, el programa alcanz\u00f3 una cobertura de 19 instituciones educativas y casi 5000 estudiantes que se beneficiaron. Cabe recalcar que el PECI tiene una duraci\u00f3n de 3 a\u00f1os y presenta una propuesta hol\u00edstica a los centros educativos que abarca tanto a directivos, docentes como estudiantes.<\/span><\/p><p><span style=\"font-weight: 400;\">En el a\u00f1o 2020 y 2021, por la pandemia y sus efectos el programa qued\u00f3 paralizado; sin embargo, la necesidad de continuar con lo iniciado, era un clamor expresado por los colegios destinatarios y tambi\u00e9n el esp\u00edritu fundacional que nos impuls\u00f3 a continuar esta gran labor que ya reflejaba los primeros resultados.<\/span><\/p>\t\t\t\t\t\t\t\t<\/div>\n\t\t\t\t<\/div>\n\t\t\t\t\t<\/div>\n\t\t\t\t<\/div>\n\t\t\t\t<\/div>\n\t\t","protected":false},"excerpt":{"rendered":"<p>La Fundaci\u00f3n Educativa Margarita Amestoy de S\u00e1nchez, FEMAS, nace el 07 de marzo del 2019, bajo resoluci\u00f3n Nro. MINEDUC-SEDG-2019-00040-R, expedida [&hellip;]<\/p>\n","protected":false},"author":1,"featured_media":1255,"parent":0,"menu_order":0,"comment_status":"closed","ping_status":"closed","template":"elementor_header_footer","meta":{"footnotes":""},"class_list":["post-3423","page","type-page","status-publish","has-post-thumbnail","hentry"],"aioseo_notices":[],"_links":{"self":[{"href":"https:\/\/www.fundacionmas.ec\/inicio\/index.php\/wp-json\/wp\/v2\/pages\/3423","targetHints":{"allow":["GET"]}}],"collection":[{"href":"https:\/\/www.fundacionmas.ec\/inicio\/index.php\/wp-json\/wp\/v2\/pages"}],"about":[{"href":"https:\/\/www.fundacionmas.ec\/inicio\/index.php\/wp-json\/wp\/v2\/types\/page"}],"author":[{"embeddable":true,"href":"https:\/\/www.fundacionmas.ec\/inicio\/index.php\/wp-json\/wp\/v2\/users\/1"}],"replies":[{"embeddable":true,"href":"https:\/\/www.fundacionmas.ec\/inicio\/index.php\/wp-json\/wp\/v2\/comments?post=3423"}],"version-history":[{"count":18,"href":"https:\/\/www.fundacionmas.ec\/inicio\/index.php\/wp-json\/wp\/v2\/pages\/3423\/revisions"}],"predecessor-version":[{"id":3617,"href":"https:\/\/www.fundacionmas.ec\/inicio\/index.php\/wp-json\/wp\/v2\/pages\/3423\/revisions\/3617"}],"wp:featuredmedia":[{"embeddable":true,"href":"https:\/\/www.fundacionmas.ec\/inicio\/index.php\/wp-json\/wp\/v2\/media\/1255"}],"wp:attachment":[{"href":"https:\/\/www.fundacionmas.ec\/inicio\/index.php\/wp-json\/wp\/v2\/media?parent=3423"}],"curies":[{"name":"wp","href":"https:\/\/api.w.org\/{rel}","templated":true}]}}