{"id":3487,"date":"2025-01-26T11:17:36","date_gmt":"2025-01-26T16:17:36","guid":{"rendered":"https:\/\/www.fundacionmas.ec\/inicio\/?page_id=3487"},"modified":"2025-01-26T14:12:35","modified_gmt":"2025-01-26T19:12:35","slug":"politica-de-cookies","status":"publish","type":"page","link":"https:\/\/www.fundacionmas.ec\/inicio\/index.php\/politica-de-cookies\/","title":{"rendered":"Pol\u00edtica de Cookies"},"content":{"rendered":"\t\t<div data-elementor-type=\"wp-page\" data-elementor-id=\"3487\" class=\"elementor elementor-3487\">\n\t\t\t\t\t\t<section class=\"elementor-section elementor-top-section elementor-element elementor-element-a858888 elementor-section-full_width elementor-section-height-default elementor-section-height-default\" data-id=\"a858888\" data-element_type=\"section\">\n\t\t\t\t\t\t<div class=\"elementor-container elementor-column-gap-no\">\n\t\t\t\t\t<div class=\"elementor-column elementor-col-100 elementor-top-column elementor-element elementor-element-f709831\" data-id=\"f709831\" data-element_type=\"column\">\n\t\t\t<div class=\"elementor-widget-wrap\">\n\t\t\t\t\t\t\t<\/div>\n\t\t<\/div>\n\t\t\t\t\t<\/div>\n\t\t<\/section>\n\t\t\t\t<section class=\"elementor-section elementor-top-section elementor-element elementor-element-047d239 elementor-section-full_width elementor-section-height-default elementor-section-height-default\" data-id=\"047d239\" data-element_type=\"section\">\n\t\t\t\t\t\t<div class=\"elementor-container elementor-column-gap-no\">\n\t\t\t\t\t<div class=\"elementor-column elementor-col-100 elementor-top-column elementor-element elementor-element-2a11d7c\" data-id=\"2a11d7c\" data-element_type=\"column\">\n\t\t\t<div class=\"elementor-widget-wrap\">\n\t\t\t\t\t\t\t<\/div>\n\t\t<\/div>\n\t\t\t\t\t<\/div>\n\t\t<\/section>\n\t\t<div class=\"elementor-element elementor-element-d50edd9 e-flex e-con-boxed e-con e-parent\" data-id=\"d50edd9\" data-element_type=\"container\">\n\t\t\t\t\t<div class=\"e-con-inner\">\n\t\t\t\t<div class=\"elementor-element elementor-element-c1005db elementor-widget elementor-widget-eael-adv-accordion\" data-id=\"c1005db\" data-element_type=\"widget\" data-widget_type=\"eael-adv-accordion.default\">\n\t\t\t\t<div class=\"elementor-widget-container\">\n\t\t\t\t\t        <div class=\"eael-adv-accordion\" id=\"eael-adv-accordion-c1005db\" data-scroll-on-click=\"no\" data-scroll-speed=\"300\" data-accordion-id=\"c1005db\" data-accordion-type=\"accordion\" data-toogle-speed=\"300\">\n    <div class=\"eael-accordion-list\">\n                <div id=\"poltica-de-cookies-de-teclemas\" class=\"elementor-tab-title eael-accordion-header\" tabindex=\"0\" data-tab=\"1\" aria-controls=\"elementor-tab-content-2021\"><span class=\"eael-advanced-accordion-icon-closed\"><svg aria-hidden=\"true\" class=\"fa-accordion-icon e-font-icon-svg e-fas-plus\" viewBox=\"0 0 448 512\" xmlns=\"http:\/\/www.w3.org\/2000\/svg\"><path d=\"M416 208H272V64c0-17.67-14.33-32-32-32h-32c-17.67 0-32 14.33-32 32v144H32c-17.67 0-32 14.33-32 32v32c0 17.67 14.33 32 32 32h144v144c0 17.67 14.33 32 32 32h32c17.67 0 32-14.33 32-32V304h144c17.67 0 32-14.33 32-32v-32c0-17.67-14.33-32-32-32z\"><\/path><\/svg><\/span><span class=\"eael-advanced-accordion-icon-opened\"><svg aria-hidden=\"true\" class=\"fa-accordion-icon e-font-icon-svg e-fas-minus\" viewBox=\"0 0 448 512\" xmlns=\"http:\/\/www.w3.org\/2000\/svg\"><path d=\"M416 208H32c-17.67 0-32 14.33-32 32v32c0 17.67 14.33 32 32 32h384c17.67 0 32-14.33 32-32v-32c0-17.67-14.33-32-32-32z\"><\/path><\/svg><\/span><span class=\"eael-accordion-tab-title\">Pol\u00edtica de Cookies de Teclemas<\/span><svg aria-hidden=\"true\" class=\"fa-toggle e-font-icon-svg e-fas-angle-right\" viewBox=\"0 0 256 512\" xmlns=\"http:\/\/www.w3.org\/2000\/svg\"><path d=\"M224.3 273l-136 136c-9.4 9.4-24.6 9.4-33.9 0l-22.6-22.6c-9.4-9.4-9.4-24.6 0-33.9l96.4-96.4-96.4-96.4c-9.4-9.4-9.4-24.6 0-33.9L54.3 103c9.4-9.4 24.6-9.4 33.9 0l136 136c9.5 9.4 9.5 24.6.1 34z\"><\/path><\/svg><\/div><div id=\"elementor-tab-content-2021\" class=\"eael-accordion-content clearfix\" data-tab=\"1\" aria-labelledby=\"poltica-de-cookies-de-teclemas\"><p><b>La Fundaci\u00f3n Educativa Margarita Amestoy de S\u00e1nches, FEMAS<\/b>, con domicilio en Mucho Lote 2, Ave. \u00c1ngel Calder\u00f3n Mu\u00f1oz a 1400 metros de la autopista Narcisa de Jes\u00fas y direcci\u00f3n electr\u00f3nica de contacto protecciondedatos@fundacionmas.ec, le informa que administra sitios web y aplicativos que utilizan tecnolog\u00eda para recopilar informaci\u00f3n sobre su uso, mejorar su calidad y contenidos a trav\u00e9s del an\u00e1lisis de los h\u00e1bitos de navegaci\u00f3n de los usuarios, proporcion\u00e1ndoles una experiencia de navegaci\u00f3n \u00f3ptima, as\u00ed como para mejorar la prestaci\u00f3n de servicios educativos.<\/p><p>En la presente Pol\u00edtica de Cookies le explicamos qu\u00e9 son las cookies, qu\u00e9 tipos de cookies utilizamos y con qu\u00e9 finalidad lo hacemos. Adem\u00e1s, le explicamos c\u00f3mo puede configurarlas o desactivarlas si as\u00ed lo desea.<\/p><\/div>\n                <\/div><div class=\"eael-accordion-list\">\n                <div id=\"-qu-son-las-cookies-\" class=\"elementor-tab-title eael-accordion-header\" tabindex=\"0\" data-tab=\"2\" aria-controls=\"elementor-tab-content-2022\"><span class=\"eael-advanced-accordion-icon-closed\"><svg aria-hidden=\"true\" class=\"fa-accordion-icon e-font-icon-svg e-fas-plus\" viewBox=\"0 0 448 512\" xmlns=\"http:\/\/www.w3.org\/2000\/svg\"><path d=\"M416 208H272V64c0-17.67-14.33-32-32-32h-32c-17.67 0-32 14.33-32 32v144H32c-17.67 0-32 14.33-32 32v32c0 17.67 14.33 32 32 32h144v144c0 17.67 14.33 32 32 32h32c17.67 0 32-14.33 32-32V304h144c17.67 0 32-14.33 32-32v-32c0-17.67-14.33-32-32-32z\"><\/path><\/svg><\/span><span class=\"eael-advanced-accordion-icon-opened\"><svg aria-hidden=\"true\" class=\"fa-accordion-icon e-font-icon-svg e-fas-minus\" viewBox=\"0 0 448 512\" xmlns=\"http:\/\/www.w3.org\/2000\/svg\"><path d=\"M416 208H32c-17.67 0-32 14.33-32 32v32c0 17.67 14.33 32 32 32h384c17.67 0 32-14.33 32-32v-32c0-17.67-14.33-32-32-32z\"><\/path><\/svg><\/span><span class=\"eael-accordion-tab-title\">\u00bf Qu\u00e9 son las cookies ?<\/span><svg aria-hidden=\"true\" class=\"fa-toggle e-font-icon-svg e-fas-angle-right\" viewBox=\"0 0 256 512\" xmlns=\"http:\/\/www.w3.org\/2000\/svg\"><path d=\"M224.3 273l-136 136c-9.4 9.4-24.6 9.4-33.9 0l-22.6-22.6c-9.4-9.4-9.4-24.6 0-33.9l96.4-96.4-96.4-96.4c-9.4-9.4-9.4-24.6 0-33.9L54.3 103c9.4-9.4 24.6-9.4 33.9 0l136 136c9.5 9.4 9.5 24.6.1 34z\"><\/path><\/svg><\/div><div id=\"elementor-tab-content-2022\" class=\"eael-accordion-content clearfix\" data-tab=\"2\" aria-labelledby=\"-qu-son-las-cookies-\"><p>Las cookies y tecnolog\u00edas de almacenamiento son peque\u00f1os archivos que los sitios web guardan en su ordenador mientras navega por Internet. Estos archivos contienen un n\u00famero \u00fanico que identifica su ordenador incluso si cambia de lugar o direcci\u00f3n IP.<\/p><\/div>\n                <\/div><div class=\"eael-accordion-list\">\n                <div id=\"cmo-funcionan-las-cookies\" class=\"elementor-tab-title eael-accordion-header\" tabindex=\"0\" data-tab=\"3\" aria-controls=\"elementor-tab-content-2023\"><span class=\"eael-advanced-accordion-icon-closed\"><svg aria-hidden=\"true\" class=\"fa-accordion-icon e-font-icon-svg e-fas-plus\" viewBox=\"0 0 448 512\" xmlns=\"http:\/\/www.w3.org\/2000\/svg\"><path d=\"M416 208H272V64c0-17.67-14.33-32-32-32h-32c-17.67 0-32 14.33-32 32v144H32c-17.67 0-32 14.33-32 32v32c0 17.67 14.33 32 32 32h144v144c0 17.67 14.33 32 32 32h32c17.67 0 32-14.33 32-32V304h144c17.67 0 32-14.33 32-32v-32c0-17.67-14.33-32-32-32z\"><\/path><\/svg><\/span><span class=\"eael-advanced-accordion-icon-opened\"><svg aria-hidden=\"true\" class=\"fa-accordion-icon e-font-icon-svg e-fas-minus\" viewBox=\"0 0 448 512\" xmlns=\"http:\/\/www.w3.org\/2000\/svg\"><path d=\"M416 208H32c-17.67 0-32 14.33-32 32v32c0 17.67 14.33 32 32 32h384c17.67 0 32-14.33 32-32v-32c0-17.67-14.33-32-32-32z\"><\/path><\/svg><\/span><span class=\"eael-accordion-tab-title\">\u00bfC\u00f3mo funcionan las cookies?<\/span><svg aria-hidden=\"true\" class=\"fa-toggle e-font-icon-svg e-fas-angle-right\" viewBox=\"0 0 256 512\" xmlns=\"http:\/\/www.w3.org\/2000\/svg\"><path d=\"M224.3 273l-136 136c-9.4 9.4-24.6 9.4-33.9 0l-22.6-22.6c-9.4-9.4-9.4-24.6 0-33.9l96.4-96.4-96.4-96.4c-9.4-9.4-9.4-24.6 0-33.9L54.3 103c9.4-9.4 24.6-9.4 33.9 0l136 136c9.5 9.4 9.5 24.6.1 34z\"><\/path><\/svg><\/div><div id=\"elementor-tab-content-2023\" class=\"eael-accordion-content clearfix\" data-tab=\"3\" aria-labelledby=\"cmo-funcionan-las-cookies\"><ul><li style=\"list-style-type: none;\"><ul><li><b>Instalaci\u00f3n:<\/b>\u00a0Se instalan autom\u00e1ticamente cuando visita un sitio web o utiliza una aplicaci\u00f3n, ya sea por el sitio que visita o por terceros con los que el sitio colabora.<\/li><\/ul><\/li><\/ul><ul><li style=\"list-style-type: none;\"><ul><li><b>Seguimiento:\u00a0<\/b>Permiten al sitio web saber m\u00e1s sobre su actividad, como:<ul><li>* Desde d\u00f3nde accede (ubicaci\u00f3n).<\/li><li>* Cu\u00e1nto tiempo pasa en el sitio.<\/li><li>* El tipo de dispositivo que usa (computadora o m\u00f3vil).<\/li><li>* El sistema operativo y navegador que usa.<\/li><li>* Las p\u00e1ginas que visita con m\u00e1s frecuencia.<\/li><li>* Los clics que realiza y su comportamiento en Internet.<\/li><\/ul><\/li><\/ul><\/li><\/ul><ul><li style=\"list-style-type: none;\"><ul><li><b>Funcionalidad:<\/b>\u00a0Algunas funciones del sitio web o de las aplicaciones pueden no necesitar cookies para funcionar. Sin embargo, desactivar las cookies podr\u00eda afectar el correcto funcionamiento de estos servicios.<\/li><\/ul><\/li><\/ul><ul><li><b>Seguridad:<\/b>\u00a0Las cookies no da\u00f1an su ordenador ni sus dispositivos.<\/li><\/ul><\/div>\n                <\/div><div class=\"eael-accordion-list\">\n                <div id=\"qu-tipo-de-cookies-utilizamos-y-para-qu-finalidades\" class=\"elementor-tab-title eael-accordion-header\" tabindex=\"0\" data-tab=\"4\" aria-controls=\"elementor-tab-content-2024\"><span class=\"eael-advanced-accordion-icon-closed\"><svg aria-hidden=\"true\" class=\"fa-accordion-icon e-font-icon-svg e-fas-plus\" viewBox=\"0 0 448 512\" xmlns=\"http:\/\/www.w3.org\/2000\/svg\"><path d=\"M416 208H272V64c0-17.67-14.33-32-32-32h-32c-17.67 0-32 14.33-32 32v144H32c-17.67 0-32 14.33-32 32v32c0 17.67 14.33 32 32 32h144v144c0 17.67 14.33 32 32 32h32c17.67 0 32-14.33 32-32V304h144c17.67 0 32-14.33 32-32v-32c0-17.67-14.33-32-32-32z\"><\/path><\/svg><\/span><span class=\"eael-advanced-accordion-icon-opened\"><svg aria-hidden=\"true\" class=\"fa-accordion-icon e-font-icon-svg e-fas-minus\" viewBox=\"0 0 448 512\" xmlns=\"http:\/\/www.w3.org\/2000\/svg\"><path d=\"M416 208H32c-17.67 0-32 14.33-32 32v32c0 17.67 14.33 32 32 32h384c17.67 0 32-14.33 32-32v-32c0-17.67-14.33-32-32-32z\"><\/path><\/svg><\/span><span class=\"eael-accordion-tab-title\">\u00bfQu\u00e9 tipo de cookies utilizamos y para qu\u00e9 finalidades?<\/span><svg aria-hidden=\"true\" class=\"fa-toggle e-font-icon-svg e-fas-angle-right\" viewBox=\"0 0 256 512\" xmlns=\"http:\/\/www.w3.org\/2000\/svg\"><path d=\"M224.3 273l-136 136c-9.4 9.4-24.6 9.4-33.9 0l-22.6-22.6c-9.4-9.4-9.4-24.6 0-33.9l96.4-96.4-96.4-96.4c-9.4-9.4-9.4-24.6 0-33.9L54.3 103c9.4-9.4 24.6-9.4 33.9 0l136 136c9.5 9.4 9.5 24.6.1 34z\"><\/path><\/svg><\/div><div id=\"elementor-tab-content-2024\" class=\"eael-accordion-content clearfix\" data-tab=\"4\" aria-labelledby=\"qu-tipo-de-cookies-utilizamos-y-para-qu-finalidades\"><p>A continuaci\u00f3n, detallamos los tipos de cookies que utilizamos. Dependiendo de su elecci\u00f3n, colocamos diferentes tipos de cookies y dispositivos de almacenamiento y\/o recuperaci\u00f3n de datos:<\/p><ul><li><strong>Cookies propias:<\/strong> Cookies enviadas a los dispositivos del usuario desde el dominio y los equipos gestionados y\/o administrados por Teclemas.<\/li><li><strong>Cookies de terceros:<\/strong> Cookies enviadas a los dispositivos del usuario a trav\u00e9s del sitio web y aplicativos de FEMAS, pero que son gestionadas desde dominios, aplicativos o equipos diferentes a los administrados por FEMAS.<\/li><li><strong>Cookies de preferencias o personalizaci\u00f3n:<\/strong> Cookies que permiten recordar informaci\u00f3n para que el usuario acceda a servicios con determinadas caracter\u00edsticas que puedan diferenciar su experiencia de la de otros usuarios.<\/li><li><strong>Cookies de sesi\u00f3n:<\/strong> Cookies dise\u00f1adas para recopilar y almacenar datos para el acceso de los usuarios a sitios web o aplicativos de FEMAS.<\/li><li><strong>Cookies persistentes:<\/strong> Cookies almacenadas, accedidas y tratadas durante per\u00edodos definidos.<br \/>Usted puede configurar su navegador para bloquear o alertar la presencia de estas cookies, pero algunas partes del sitio web no funcionar\u00e1n correctamente.<\/li><\/ul><p>En el supuesto que en la P\u00e1gina Web se coloquen enlaces o hiperv\u00ednculos que lo redireccione a otros lugares de Internet, que son de propiedad de terceros que utilicen cookies, FEMAS no se hace responsable del uso de cookies por parte de dichos terceros.<\/p><p>A continuaci\u00f3n, detallamos las caracter\u00edsticas de cada una de las cookies que utilizamos (colocar el resultado del escaneo):<\/p><p>Cookies<\/p><p>Nombre<\/p><p>Dominio<\/p><p>Descripci\u00f3n<\/p><p>Finalidad<\/p><p>Duraci\u00f3n<\/p><\/div>\n                <\/div><div class=\"eael-accordion-list\">\n                <div id=\"restriccin-y-gestin-del-uso-de-cookies\" class=\"elementor-tab-title eael-accordion-header\" tabindex=\"0\" data-tab=\"5\" aria-controls=\"elementor-tab-content-2025\"><span class=\"eael-advanced-accordion-icon-closed\"><svg aria-hidden=\"true\" class=\"fa-accordion-icon e-font-icon-svg e-fas-plus\" viewBox=\"0 0 448 512\" xmlns=\"http:\/\/www.w3.org\/2000\/svg\"><path d=\"M416 208H272V64c0-17.67-14.33-32-32-32h-32c-17.67 0-32 14.33-32 32v144H32c-17.67 0-32 14.33-32 32v32c0 17.67 14.33 32 32 32h144v144c0 17.67 14.33 32 32 32h32c17.67 0 32-14.33 32-32V304h144c17.67 0 32-14.33 32-32v-32c0-17.67-14.33-32-32-32z\"><\/path><\/svg><\/span><span class=\"eael-advanced-accordion-icon-opened\"><svg aria-hidden=\"true\" class=\"fa-accordion-icon e-font-icon-svg e-fas-minus\" viewBox=\"0 0 448 512\" xmlns=\"http:\/\/www.w3.org\/2000\/svg\"><path d=\"M416 208H32c-17.67 0-32 14.33-32 32v32c0 17.67 14.33 32 32 32h384c17.67 0 32-14.33 32-32v-32c0-17.67-14.33-32-32-32z\"><\/path><\/svg><\/span><span class=\"eael-accordion-tab-title\">Restricci\u00f3n y gesti\u00f3n del uso de Cookies<\/span><svg aria-hidden=\"true\" class=\"fa-toggle e-font-icon-svg e-fas-angle-right\" viewBox=\"0 0 256 512\" xmlns=\"http:\/\/www.w3.org\/2000\/svg\"><path d=\"M224.3 273l-136 136c-9.4 9.4-24.6 9.4-33.9 0l-22.6-22.6c-9.4-9.4-9.4-24.6 0-33.9l96.4-96.4-96.4-96.4c-9.4-9.4-9.4-24.6 0-33.9L54.3 103c9.4-9.4 24.6-9.4 33.9 0l136 136c9.5 9.4 9.5 24.6.1 34z\"><\/path><\/svg><\/div><div id=\"elementor-tab-content-2025\" class=\"eael-accordion-content clearfix\" data-tab=\"5\" aria-labelledby=\"restriccin-y-gestin-del-uso-de-cookies\"><p>La mayor\u00eda de los navegadores aceptan las cookies de forma autom\u00e1tica, pero le permiten cambiar la configuraci\u00f3n para que las rechace. Sin embargo, esto podr\u00eda afectar negativamente su experiencia de navegaci\u00f3n, ya que <b>FEMAS<\/b>\u00a0solo utiliza cookies necesarias para el correcto funcionamiento del sitio web.<\/p><p>A continuaci\u00f3n, le proporcionamos informaci\u00f3n sobre c\u00f3mo administrar las cookies en los navegadores m\u00e1s comunes:<\/p><p>Chrome:\u00a0<a href=\"https:\/\/support.google.com\/chrome\/bin\/answer.py?hl=es&amp;answer=95647\">Instrucciones\u00a0<\/a><\/p><p>Safari:\u00a0\u00a0<a href=\"https:\/\/www.apple.com\/es\/privacy\/use-of-cookies\/\">Instrucciones<\/a><\/p><p>Mozilla Firefox:\u00a0\u00a0<a href=\"https:\/\/support.mozilla.org\/es\/kb\/impedir-que-los-sitios-web-guarden-sus-preferencia\">Instruciones<\/a><\/p><p>Opera:\u00a0\u00a0<a href=\"https:\/\/help.opera.com\/Windows\/11.50\/es-ES\/cookies.html\">Instrucciones<\/a><\/p><p>Microsoft Edge:\u00a0\u00a0<a href=\"https:\/\/support.microsoft.com\/es-es\/topic\/ver-las-cookies-en-microsoft-edge-a7d95376-f2cd-8e4a-25dc-1de753474879\">Instrucciones<\/a><\/p><p>Sin embargo, se advierte que el uso de las cookies nos permite darle una mejor experiencia en nuestros servicios. En caso de realizar modificaciones en la configuraci\u00f3n de las cookies, es posible que su experiencia de navegaci\u00f3n no sea \u00f3ptima.<\/p><\/div>\n                <\/div><div class=\"eael-accordion-list\">\n                <div id=\"informacin-adicional\" class=\"elementor-tab-title eael-accordion-header\" tabindex=\"0\" data-tab=\"6\" aria-controls=\"elementor-tab-content-2026\"><span class=\"eael-advanced-accordion-icon-closed\"><svg aria-hidden=\"true\" class=\"fa-accordion-icon e-font-icon-svg e-fas-plus\" viewBox=\"0 0 448 512\" xmlns=\"http:\/\/www.w3.org\/2000\/svg\"><path d=\"M416 208H272V64c0-17.67-14.33-32-32-32h-32c-17.67 0-32 14.33-32 32v144H32c-17.67 0-32 14.33-32 32v32c0 17.67 14.33 32 32 32h144v144c0 17.67 14.33 32 32 32h32c17.67 0 32-14.33 32-32V304h144c17.67 0 32-14.33 32-32v-32c0-17.67-14.33-32-32-32z\"><\/path><\/svg><\/span><span class=\"eael-advanced-accordion-icon-opened\"><svg aria-hidden=\"true\" class=\"fa-accordion-icon e-font-icon-svg e-fas-minus\" viewBox=\"0 0 448 512\" xmlns=\"http:\/\/www.w3.org\/2000\/svg\"><path d=\"M416 208H32c-17.67 0-32 14.33-32 32v32c0 17.67 14.33 32 32 32h384c17.67 0 32-14.33 32-32v-32c0-17.67-14.33-32-32-32z\"><\/path><\/svg><\/span><span class=\"eael-accordion-tab-title\">Informaci\u00f3n Adicional<\/span><svg aria-hidden=\"true\" class=\"fa-toggle e-font-icon-svg e-fas-angle-right\" viewBox=\"0 0 256 512\" xmlns=\"http:\/\/www.w3.org\/2000\/svg\"><path d=\"M224.3 273l-136 136c-9.4 9.4-24.6 9.4-33.9 0l-22.6-22.6c-9.4-9.4-9.4-24.6 0-33.9l96.4-96.4-96.4-96.4c-9.4-9.4-9.4-24.6 0-33.9L54.3 103c9.4-9.4 24.6-9.4 33.9 0l136 136c9.5 9.4 9.5 24.6.1 34z\"><\/path><\/svg><\/div><div id=\"elementor-tab-content-2026\" class=\"eael-accordion-content clearfix\" data-tab=\"6\" aria-labelledby=\"informacin-adicional\">La informaci\u00f3n almacenada en las cookies es utilizada exclusivamente por\u00a0<strong>FEMAS<\/strong>, a excepci\u00f3n de aquellas identificadas como cookies de terceros que son gestionadas por organizaciones externas para mejorar los servicios y la experiencia del usuario.\n\nPara obtener m\u00e1s detalles sobre c\u00f3mo gestionamos sus datos personales, FEMAS pone a su disposici\u00f3n la <strong>Pol\u00edtica de Privacidad y Protecci\u00f3n de Datos Personales<\/strong>\u00a0que puede consultar en\u00a0\u00a0<a href=\"https:\/\/www.fundacionmas.ec\/inicio\/index.php\/politica-de-privacidad\/\" target=\"_blank\" rel=\"noopener\">pol\u00edtica de privacidad de FEMAS<\/a>.\n\nSi desea ejercer alguno de sus derechos de acceso, rectificaci\u00f3n, eliminaci\u00f3n, oposici\u00f3n, suspensi\u00f3n o portabilidad de sus datos, puede hacerlo enviando una solicitud a\u00a0<a href=\"mailto:protecciondedatos@fundacionmas.ec\">protecciondedatos@fundacionmas.ec<\/a>.<\/div>\n                <\/div><\/div>\t\t\t\t<\/div>\n\t\t\t\t<\/div>\n\t\t\t\t\t<\/div>\n\t\t\t\t<\/div>\n\t\t\t\t<\/div>\n\t\t","protected":false},"excerpt":{"rendered":"<p>Pol\u00edtica de Cookies de Teclemas La Fundaci\u00f3n Educativa Margarita Amestoy de S\u00e1nches, FEMAS, con domicilio en Mucho Lote 2, Ave. [&hellip;]<\/p>\n","protected":false},"author":1,"featured_media":1255,"parent":0,"menu_order":0,"comment_status":"closed","ping_status":"closed","template":"elementor_header_footer","meta":{"footnotes":""},"class_list":["post-3487","page","type-page","status-publish","has-post-thumbnail","hentry"],"aioseo_notices":[],"_links":{"self":[{"href":"https:\/\/www.fundacionmas.ec\/inicio\/index.php\/wp-json\/wp\/v2\/pages\/3487","targetHints":{"allow":["GET"]}}],"collection":[{"href":"https:\/\/www.fundacionmas.ec\/inicio\/index.php\/wp-json\/wp\/v2\/pages"}],"about":[{"href":"https:\/\/www.fundacionmas.ec\/inicio\/index.php\/wp-json\/wp\/v2\/types\/page"}],"author":[{"embeddable":true,"href":"https:\/\/www.fundacionmas.ec\/inicio\/index.php\/wp-json\/wp\/v2\/users\/1"}],"replies":[{"embeddable":true,"href":"https:\/\/www.fundacionmas.ec\/inicio\/index.php\/wp-json\/wp\/v2\/comments?post=3487"}],"version-history":[{"count":32,"href":"https:\/\/www.fundacionmas.ec\/inicio\/index.php\/wp-json\/wp\/v2\/pages\/3487\/revisions"}],"predecessor-version":[{"id":3545,"href":"https:\/\/www.fundacionmas.ec\/inicio\/index.php\/wp-json\/wp\/v2\/pages\/3487\/revisions\/3545"}],"wp:featuredmedia":[{"embeddable":true,"href":"https:\/\/www.fundacionmas.ec\/inicio\/index.php\/wp-json\/wp\/v2\/media\/1255"}],"wp:attachment":[{"href":"https:\/\/www.fundacionmas.ec\/inicio\/index.php\/wp-json\/wp\/v2\/media?parent=3487"}],"curies":[{"name":"wp","href":"https:\/\/api.w.org\/{rel}","templated":true}]}}