{"id":768,"date":"2021-06-15T07:05:30","date_gmt":"2021-06-15T07:05:30","guid":{"rendered":"https:\/\/www.fundacionmas.ec\/inicio?page_id=768"},"modified":"2025-01-27T15:28:43","modified_gmt":"2025-01-27T20:28:43","slug":"nuestro-equipo","status":"publish","type":"page","link":"https:\/\/www.fundacionmas.ec\/inicio\/index.php\/nuestro-equipo\/","title":{"rendered":"Nuestro Equipo"},"content":{"rendered":"\t\t<div data-elementor-type=\"wp-page\" data-elementor-id=\"768\" class=\"elementor elementor-768\">\n\t\t\t\t\t\t<section class=\"elementor-section elementor-top-section elementor-element elementor-element-3efc5f0 elementor-section-full_width elementor-section-height-default elementor-section-height-default\" data-id=\"3efc5f0\" data-element_type=\"section\">\n\t\t\t\t\t\t<div class=\"elementor-container elementor-column-gap-no\">\n\t\t\t\t\t<div class=\"elementor-column elementor-col-100 elementor-top-column elementor-element elementor-element-4975353\" data-id=\"4975353\" data-element_type=\"column\">\n\t\t\t<div class=\"elementor-widget-wrap elementor-element-populated\">\n\t\t\t\t\t\t<div class=\"elementor-element elementor-element-ee19d83 elementor-widget elementor-widget-loveicon_team_two\" data-id=\"ee19d83\" data-element_type=\"widget\" data-widget_type=\"loveicon_team_two.default\">\n\t\t\t\t<div class=\"elementor-widget-container\">\n\t\t\t\t\t        <!--Start Team Style2 Area-->\r\n        <section class=\"team-style2-area\">\r\n            <div class=\"container\">\r\n                <div class=\"row\">\r\n                                            <div class=\"col-xl-4 col-lg-4\">\r\n                            <div class=\"single-team-style2\">\r\n                                <div class=\"img-holder\">\r\n                                    <div class=\"inner\">\r\n                                        <img fetchpriority=\"high\" decoding=\"async\" width=\"1080\" height=\"1080\" src=\"https:\/\/www.fundacionmas.ec\/inicio\/wp-content\/uploads\/2025\/01\/VictorH.jpg\" class=\"attachment-full size-full\" alt=\"\" \/>                                    <\/div>\r\n                                <\/div>\r\n                                <div class=\"title-holder\">\r\n                                    <h4>V\u00edctor Hugo Calder\u00f3n Morales<\/h4>\r\n                                    <p>Director<\/p>\r\n                                    <ul class=\"social-icon\">\r\n                                        <li><a href=\"#\"><i class=\"fa fa-twitter\" aria-hidden=\"true\"><\/i><\/a><\/li>\n                            <li><a href=\"#\"><i class=\"fa fa-facebook\" aria-hidden=\"true\"><\/i><\/a><\/li>\n                            <li><a href=\"#\"><i class=\"fa fa-instagram\" aria-hidden=\"true\"><\/i><\/a><\/li>\n                            <li><a href=\"#\"><i class=\"fa fa-linkedin\" aria-hidden=\"true\"><\/i><\/a><\/li>                                    <\/ul>\r\n                                <\/div>\r\n                            <\/div>\r\n                        <\/div>\r\n                                            <div class=\"col-xl-4 col-lg-4\">\r\n                            <div class=\"single-team-style2\">\r\n                                <div class=\"img-holder\">\r\n                                    <div class=\"inner\">\r\n                                        <img decoding=\"async\" width=\"739\" height=\"739\" src=\"https:\/\/www.fundacionmas.ec\/inicio\/wp-content\/uploads\/2025\/01\/Foto-Karla.jpg\" class=\"attachment-full size-full\" alt=\"\" \/>                                    <\/div>\r\n                                <\/div>\r\n                                <div class=\"title-holder\">\r\n                                    <h4>Karla Narcisa Ortiz Desiderio<\/h4>\r\n                                    <p>Promotora de Servicios Educativos<\/p>\r\n                                    <ul class=\"social-icon\">\r\n                                        <li><a href=\"#\"><i class=\"fa fa-twitter\" aria-hidden=\"true\"><\/i><\/a><\/li>\n                            <li><a href=\"#\"><i class=\"fa fa-facebook\" aria-hidden=\"true\"><\/i><\/a><\/li>\n                            <li><a href=\"#\"><i class=\"fa fa-instagram\" aria-hidden=\"true\"><\/i><\/a><\/li>\n                            <li><a href=\"#\"><i class=\"fa fa-linkedin\" aria-hidden=\"true\"><\/i><\/a><\/li>                                    <\/ul>\r\n                                <\/div>\r\n                            <\/div>\r\n                        <\/div>\r\n                                            <div class=\"col-xl-4 col-lg-4\">\r\n                            <div class=\"single-team-style2\">\r\n                                <div class=\"img-holder\">\r\n                                    <div class=\"inner\">\r\n                                        <img decoding=\"async\" width=\"1080\" height=\"1080\" src=\"https:\/\/www.fundacionmas.ec\/inicio\/wp-content\/uploads\/2025\/01\/Heydi-Monar1.jpg\" class=\"attachment-full size-full\" alt=\"\" \/>                                    <\/div>\r\n                                <\/div>\r\n                                <div class=\"title-holder\">\r\n                                    <h4>Heidy Monar Echeverria<\/h4>\r\n                                    <p>Asesora<\/p>\r\n                                    <ul class=\"social-icon\">\r\n                                        <li><a href=\"#\"><i class=\"fa fa-twitter\" aria-hidden=\"true\"><\/i><\/a><\/li>\n                            <li><a href=\"#\"><i class=\"fa fa-facebook\" aria-hidden=\"true\"><\/i><\/a><\/li>\n                            <li><a href=\"#\"><i class=\"fa fa-instagram\" aria-hidden=\"true\"><\/i><\/a><\/li>\n                            <li><a href=\"#\"><i class=\"fa fa-linkedin\" aria-hidden=\"true\"><\/i><\/a><\/li>                                    <\/ul>\r\n                                <\/div>\r\n                            <\/div>\r\n                        <\/div>\r\n                                            <div class=\"col-xl-4 col-lg-4\">\r\n                            <div class=\"single-team-style2\">\r\n                                <div class=\"img-holder\">\r\n                                    <div class=\"inner\">\r\n                                        <img loading=\"lazy\" decoding=\"async\" width=\"1080\" height=\"1080\" src=\"https:\/\/www.fundacionmas.ec\/inicio\/wp-content\/uploads\/2025\/01\/1-1.png\" class=\"attachment-full size-full\" alt=\"\" \/>                                    <\/div>\r\n                                <\/div>\r\n                                <div class=\"title-holder\">\r\n                                    <h4>Mar\u00eda Isabel Pe\u00f1afiel Pe\u00f1afiel<\/h4>\r\n                                    <p>Asesora<\/p>\r\n                                    <ul class=\"social-icon\">\r\n                                        <li><a href=\"#\"><i class=\"fa fa-twitter\" aria-hidden=\"true\"><\/i><\/a><\/li>\n                            <li><a href=\"#\"><i class=\"fa fa-facebook\" aria-hidden=\"true\"><\/i><\/a><\/li>\n                            <li><a href=\"#\"><i class=\"fa fa-instagram\" aria-hidden=\"true\"><\/i><\/a><\/li>\n                            <li><a href=\"#\"><i class=\"fa fa-linkedin\" aria-hidden=\"true\"><\/i><\/a><\/li>                                    <\/ul>\r\n                                <\/div>\r\n                            <\/div>\r\n                        <\/div>\r\n                                            <div class=\"col-xl-4 col-lg-4\">\r\n                            <div class=\"single-team-style2\">\r\n                                <div class=\"img-holder\">\r\n                                    <div class=\"inner\">\r\n                                        <img loading=\"lazy\" decoding=\"async\" width=\"1080\" height=\"1080\" src=\"https:\/\/www.fundacionmas.ec\/inicio\/wp-content\/uploads\/2025\/01\/2-1.png\" class=\"attachment-full size-full\" alt=\"\" \/>                                    <\/div>\r\n                                <\/div>\r\n                                <div class=\"title-holder\">\r\n                                    <h4>Allan Andr\u00e9s Delgado Garc\u00eda<\/h4>\r\n                                    <p>Asesor<\/p>\r\n                                    <ul class=\"social-icon\">\r\n                                        <li><a href=\"#\"><i class=\"fa fa-twitter\" aria-hidden=\"true\"><\/i><\/a><\/li>\n                            <li><a href=\"#\"><i class=\"fa fa-facebook\" aria-hidden=\"true\"><\/i><\/a><\/li>\n                            <li><a href=\"#\"><i class=\"fa fa-instagram\" aria-hidden=\"true\"><\/i><\/a><\/li>\n                            <li><a href=\"#\"><i class=\"fa fa-linkedin\" aria-hidden=\"true\"><\/i><\/a><\/li>                                    <\/ul>\r\n                                <\/div>\r\n                            <\/div>\r\n                        <\/div>\r\n                                            <div class=\"col-xl-4 col-lg-4\">\r\n                            <div class=\"single-team-style2\">\r\n                                <div class=\"img-holder\">\r\n                                    <div class=\"inner\">\r\n                                        <img loading=\"lazy\" decoding=\"async\" width=\"1080\" height=\"1080\" src=\"https:\/\/www.fundacionmas.ec\/inicio\/wp-content\/uploads\/2025\/01\/3-1.png\" class=\"attachment-full size-full\" alt=\"\" \/>                                    <\/div>\r\n                                <\/div>\r\n                                <div class=\"title-holder\">\r\n                                    <h4>Teresa Alexandra Barber\u00e1n Ponce<\/h4>\r\n                                    <p>Asesora<\/p>\r\n                                    <ul class=\"social-icon\">\r\n                                        <li><a href=\"#\"><i class=\"fa fa-twitter\" aria-hidden=\"true\"><\/i><\/a><\/li>\n                            <li><a href=\"#\"><i class=\"fa fa-facebook\" aria-hidden=\"true\"><\/i><\/a><\/li>\n                            <li><a href=\"#\"><i class=\"fa fa-instagram\" aria-hidden=\"true\"><\/i><\/a><\/li>\n                            <li><a href=\"#\"><i class=\"fa fa-linkedin\" aria-hidden=\"true\"><\/i><\/a><\/li>                                    <\/ul>\r\n                                <\/div>\r\n                            <\/div>\r\n                        <\/div>\r\n                                            <div class=\"col-xl-4 col-lg-4\">\r\n                            <div class=\"single-team-style2\">\r\n                                <div class=\"img-holder\">\r\n                                    <div class=\"inner\">\r\n                                        <img loading=\"lazy\" decoding=\"async\" width=\"1080\" height=\"1080\" src=\"https:\/\/www.fundacionmas.ec\/inicio\/wp-content\/uploads\/2025\/01\/4-1.png\" class=\"attachment-full size-full\" alt=\"\" \/>                                    <\/div>\r\n                                <\/div>\r\n                                <div class=\"title-holder\">\r\n                                    <h4>Wilmyr Luiromar Marin Reyes<\/h4>\r\n                                    <p>Asesora<\/p>\r\n                                    <ul class=\"social-icon\">\r\n                                        <li><a href=\"#\"><i class=\"fa fa-twitter\" aria-hidden=\"true\"><\/i><\/a><\/li>\n                            <li><a href=\"#\"><i class=\"fa fa-facebook\" aria-hidden=\"true\"><\/i><\/a><\/li>\n                            <li><a href=\"#\"><i class=\"fa fa-instagram\" aria-hidden=\"true\"><\/i><\/a><\/li>\n                            <li><a href=\"#\"><i class=\"fa fa-linkedin\" aria-hidden=\"true\"><\/i><\/a><\/li>                                    <\/ul>\r\n                                <\/div>\r\n                            <\/div>\r\n                        <\/div>\r\n                                            <div class=\"col-xl-4 col-lg-4\">\r\n                            <div class=\"single-team-style2\">\r\n                                <div class=\"img-holder\">\r\n                                    <div class=\"inner\">\r\n                                        <img loading=\"lazy\" decoding=\"async\" width=\"1080\" height=\"1080\" src=\"https:\/\/www.fundacionmas.ec\/inicio\/wp-content\/uploads\/2025\/01\/Genesis-Ayovi-1.jpg\" class=\"attachment-full size-full\" alt=\"\" \/>                                    <\/div>\r\n                                <\/div>\r\n                                <div class=\"title-holder\">\r\n                                    <h4>G\u00e9nesis Noem\u00ed Ayov\u00ed J\u00e1come<\/h4>\r\n                                    <p>Asesora<\/p>\r\n                                    <ul class=\"social-icon\">\r\n                                        <li><a href=\"#\"><i class=\"fa fa-twitter\" aria-hidden=\"true\"><\/i><\/a><\/li>\n                            <li><a href=\"#\"><i class=\"fa fa-facebook\" aria-hidden=\"true\"><\/i><\/a><\/li>\n                            <li><a href=\"#\"><i class=\"fa fa-instagram\" aria-hidden=\"true\"><\/i><\/a><\/li>\n                            <li><a href=\"#\"><i class=\"fa fa-linkedin\" aria-hidden=\"true\"><\/i><\/a><\/li>                                    <\/ul>\r\n                                <\/div>\r\n                            <\/div>\r\n                        <\/div>\r\n                                    <\/div>\r\n            <\/div>\r\n        <\/section>\r\n\t\t\t\t<\/div>\n\t\t\t\t<\/div>\n\t\t\t\t\t<\/div>\n\t\t<\/div>\n\t\t\t\t\t<\/div>\n\t\t<\/section>\n\t\t\t\t<\/div>\n\t\t","protected":false},"excerpt":{"rendered":"<p>V\u00edctor Hugo Calder\u00f3n Morales Director Karla Narcisa Ortiz Desiderio Promotora de Servicios Educativos Heidy Monar Echeverria Asesora Mar\u00eda Isabel Pe\u00f1afiel [&hellip;]<\/p>\n","protected":false},"author":1,"featured_media":1255,"parent":0,"menu_order":0,"comment_status":"closed","ping_status":"closed","template":"elementor_header_footer","meta":{"footnotes":""},"class_list":["post-768","page","type-page","status-publish","has-post-thumbnail","hentry"],"aioseo_notices":[],"_links":{"self":[{"href":"https:\/\/www.fundacionmas.ec\/inicio\/index.php\/wp-json\/wp\/v2\/pages\/768","targetHints":{"allow":["GET"]}}],"collection":[{"href":"https:\/\/www.fundacionmas.ec\/inicio\/index.php\/wp-json\/wp\/v2\/pages"}],"about":[{"href":"https:\/\/www.fundacionmas.ec\/inicio\/index.php\/wp-json\/wp\/v2\/types\/page"}],"author":[{"embeddable":true,"href":"https:\/\/www.fundacionmas.ec\/inicio\/index.php\/wp-json\/wp\/v2\/users\/1"}],"replies":[{"embeddable":true,"href":"https:\/\/www.fundacionmas.ec\/inicio\/index.php\/wp-json\/wp\/v2\/comments?post=768"}],"version-history":[{"count":25,"href":"https:\/\/www.fundacionmas.ec\/inicio\/index.php\/wp-json\/wp\/v2\/pages\/768\/revisions"}],"predecessor-version":[{"id":3549,"href":"https:\/\/www.fundacionmas.ec\/inicio\/index.php\/wp-json\/wp\/v2\/pages\/768\/revisions\/3549"}],"wp:featuredmedia":[{"embeddable":true,"href":"https:\/\/www.fundacionmas.ec\/inicio\/index.php\/wp-json\/wp\/v2\/media\/1255"}],"wp:attachment":[{"href":"https:\/\/www.fundacionmas.ec\/inicio\/index.php\/wp-json\/wp\/v2\/media?parent=768"}],"curies":[{"name":"wp","href":"https:\/\/api.w.org\/{rel}","templated":true}]}}