{"id":804,"date":"2021-06-15T07:37:30","date_gmt":"2021-06-15T07:37:30","guid":{"rendered":"https:\/\/www.fundacionmas.ec\/inicio?page_id=804"},"modified":"2025-01-23T05:08:42","modified_gmt":"2025-01-23T04:08:42","slug":"faq","status":"publish","type":"page","link":"https:\/\/www.fundacionmas.ec\/inicio\/index.php\/faq\/","title":{"rendered":"Faq"},"content":{"rendered":"\t\t<div data-elementor-type=\"wp-page\" data-elementor-id=\"804\" class=\"elementor elementor-804\">\n\t\t\t\t\t\t<section class=\"elementor-section elementor-top-section elementor-element elementor-element-a600f31 elementor-section-full_width elementor-section-height-default elementor-section-height-default\" data-id=\"a600f31\" data-element_type=\"section\">\n\t\t\t\t\t\t<div class=\"elementor-container elementor-column-gap-no\">\n\t\t\t\t\t<div class=\"elementor-column elementor-col-100 elementor-top-column elementor-element elementor-element-849adcf\" data-id=\"849adcf\" data-element_type=\"column\">\n\t\t\t<div class=\"elementor-widget-wrap elementor-element-populated\">\n\t\t\t\t\t\t<div class=\"elementor-element elementor-element-cd1b3bd elementor-widget elementor-widget-loveicon_faq\" data-id=\"cd1b3bd\" data-element_type=\"widget\" data-widget_type=\"loveicon_faq.default\">\n\t\t\t\t<div class=\"elementor-widget-container\">\n\t\t\t\t\t        <!--Start Faq Style1 Area-->\r\n        <section class=\"faq-style1-area\">\r\n            <div class=\"container\">\r\n                <div class=\"row\">\r\n                                                                        <div class=\"col-xl-6 text-right-rtl\">\r\n                                <div class=\"faq-style1-content\">\r\n                                    <div class=\"accordion-box\">\r\n                                                                        <div class=\"accordion accordion-block\">\r\n                                        <div class=\"accord-btn active\">\r\n                                            <h4>\u00bfQu\u00e9 es PECI?<\/h4>\r\n                                        <\/div>\r\n                                        <div class=\"accord-content collapsed\">\r\n                                            <p>Es un programa Educativo para la Creatividad e Innovaci\u00f3n que tiene por objetivo fomentar el desarrollo de habilidades creativas, pensamiento cr\u00edtico, resoluci\u00f3n de problemas y competencias innovadoras toda la comunidad educativa, capacit\u00e1ndolos para abordar desaf\u00edos complejos, generar ideas originales y transformar estas en soluciones pr\u00e1cticas y sostenibles que contribuyan al avance de la sociedad<\/p>\r\n                                        <\/div>\r\n                                    <\/div>\r\n                                                                                                <div class=\"accordion accordion-block\">\r\n                                        <div class=\"accord-btn \">\r\n                                            <h4>\u00bfQui\u00e9n Margarita Amestoy de S\u00e1nchez?<\/h4>\r\n                                        <\/div>\r\n                                        <div class=\"accord-content \">\r\n                                            <p>Margarita Amestoy de S\u00e1nchez es la creadora de la Metodolog\u00eda de Procesos para el Desarrollo del Pensamiento. Su enfoque conceptual y metodol\u00f3gico se centra en la construcci\u00f3n de modelos de pensamiento, su operacionalizaci\u00f3n y aplicaci\u00f3n pr\u00e1ctica, permitiendo utilizar los modelos como herramientas clave para construir, procesar y transformar el conocimiento.<\/p>\r\n                                        <\/div>\r\n                                    <\/div>\r\n                                                                                                <div class=\"accordion accordion-block\">\r\n                                        <div class=\"accord-btn \">\r\n                                            <h4>\u00bfQui\u00e9n es Marc Brackett?<\/h4>\r\n                                        <\/div>\r\n                                        <div class=\"accord-content \">\r\n                                            <p>Marc Brackett es director fundador del Centro de Inteligencia Emocional de Yale y profesor en el Child Study Center de Yale. Su investigaci\u00f3n se centra en c\u00f3mo las emociones y la inteligencia emocional afectan el aprendizaje, las relaciones, la creatividad y la salud mental. Adem\u00e1s, estudia la medici\u00f3n de la inteligencia emocional y el impacto de su formaci\u00f3n en el bienestar y desempe\u00f1o de ni\u00f1os y adultos.<\/p>\r\n                                        <\/div>\r\n                                    <\/div>\r\n                                                                                                <div class=\"accordion accordion-block\">\r\n                                        <div class=\"accord-btn \">\r\n                                            <h4>\u00bfQui\u00e9nes se benefician del programa?<\/h4>\r\n                                        <\/div>\r\n                                        <div class=\"accord-content \">\r\n                                            <p>Toda la comunidad educativa:<br> <ul> <li>Docentes y autoridades de las diferentes instituciones <li>Estudiantes y padres de familia que formen parte de ellas. <\/ul><\/p>\r\n                                        <\/div>\r\n                                    <\/div>\r\n                                                                                                <div class=\"accordion accordion-block\">\r\n                                        <div class=\"accord-btn \">\r\n                                            <h4>\u00bfQu\u00e9 son C\u00edrculos de calidad?<\/h4>\r\n                                        <\/div>\r\n                                        <div class=\"accord-content \">\r\n                                            <p>Los c\u00edrculos son espacios de formaci\u00f3n  que  tienen como objetivo brindar herramientas para el desarrollo arm\u00f3nico de habilidades y destrezas que abarca la metodolog\u00eda.<\/p>\r\n                                        <\/div>\r\n                                    <\/div>\r\n                                                                        <\/div>\r\n                                <\/div>\r\n                            <\/div>\r\n                                                                            <div class=\"col-xl-6 text-right-rtl\">\r\n                                <div class=\"faq-style1-content\">\r\n                                    <div class=\"accordion-box\">\r\n                                                                        <div class=\"accordion accordion-block\">\r\n                                        <div class=\"accord-btn \">\r\n                                            <h4>\u00bfCu\u00e1l es la duraci\u00f3n del programa?<\/h4>\r\n                                        <\/div>\r\n                                        <div class=\"accord-content \">\r\n                                            <p>El programa Peci est\u00e1 dise\u00f1ado para que cada nivel de desarrollo del pensamiento  coincida con la duraci\u00f3n del periodo escolar. Esto permite que las actividades del programa se integren de manera efectiva en el calendario acad\u00e9mico y que tanto estudiantes como docentes puedan cumplir con los objetivos establecidos dentro de este tiempo.<\/p>\r\n                                        <\/div>\r\n                                    <\/div>\r\n                                                                                                <div class=\"accordion accordion-block\">\r\n                                        <div class=\"accord-btn \">\r\n                                            <h4>\u00bfC\u00f3mo realizo mi inscripci\u00f3n?<\/h4>\r\n                                        <\/div>\r\n                                        <div class=\"accord-content \">\r\n                                            <p>Para realizar su proceso de inscripci\u00f3n puede llenar el formulario, mismo que lo podr\u00e1 solicitar por medio de:<br> <ul> <li>Correo electr\u00f3nico: karla.ortiz@fundacionmas.ec <li>Tel\u00e9fono(s): 0985459425 - 3811200 ext 2004 <\/ul><\/p>\r\n                                        <\/div>\r\n                                    <\/div>\r\n                                                                                                <div class=\"accordion accordion-block\">\r\n                                        <div class=\"accord-btn \">\r\n                                            <h4>\u00bfCu\u00e1les son los requisitos?<\/h4>\r\n                                        <\/div>\r\n                                        <div class=\"accord-content \">\r\n                                            <p>Contar con un:<br> <ul> <li><b>Compromiso institucional:<\/b> Predisposici\u00f3n para cumplir con todos los componentes establecidos en el programa, estipulados en nuestro convenio <li><b>Logo institucional:<\/b> En formato digital, preferiblemente PNG O JPG. <li><b>Listado de estudiantes participantes:<\/b> Con nombres completos, c\u00e9dula y curso. <li><b>Listado de docentes asignados:<\/b> Incluyendo nombres completos, c\u00e9dula, cursos asignados y \u00e1reas de especialidad. <\/ul><\/p>\r\n                                        <\/div>\r\n                                    <\/div>\r\n                                                                                                <div class=\"accordion accordion-block\">\r\n                                        <div class=\"accord-btn \">\r\n                                            <h4>\u00bfCu\u00e1les son los canales de pago?<\/h4>\r\n                                        <\/div>\r\n                                        <div class=\"accord-content \">\r\n                                            <p>Puedes realizar tu aporte a trav\u00e9s del siguiente canal: <br> <b>Instituci\u00f3n bancaria:<\/b>  Banco Bolivariano<br> <b>N\u00famero de cuenta:<\/b> Cuenta Corriente No. 0005315633<br> <b>A nombre de:<\/b> Fundaci\u00f3n Educativa Margarita Amestoy de S\u00e1nchez<br> <b>RUC:<\/b> 0993189359001<\/p>\r\n                                        <\/div>\r\n                                    <\/div>\r\n                                                    <\/div>\r\n            <\/div>\r\n                <\/div>\r\n        <\/div>\r\n        <\/section>\r\n\t\t\t\t<\/div>\n\t\t\t\t<\/div>\n\t\t\t\t\t<\/div>\n\t\t<\/div>\n\t\t\t\t\t<\/div>\n\t\t<\/section>\n\t\t\t\t<\/div>\n\t\t","protected":false},"excerpt":{"rendered":"<p>\u00bfQu\u00e9 es PECI? Es un programa Educativo para la Creatividad e Innovaci\u00f3n que tiene por objetivo fomentar el desarrollo de [&hellip;]<\/p>\n","protected":false},"author":1,"featured_media":1256,"parent":0,"menu_order":0,"comment_status":"closed","ping_status":"closed","template":"elementor_header_footer","meta":{"footnotes":""},"class_list":["post-804","page","type-page","status-publish","has-post-thumbnail","hentry"],"aioseo_notices":[],"_links":{"self":[{"href":"https:\/\/www.fundacionmas.ec\/inicio\/index.php\/wp-json\/wp\/v2\/pages\/804","targetHints":{"allow":["GET"]}}],"collection":[{"href":"https:\/\/www.fundacionmas.ec\/inicio\/index.php\/wp-json\/wp\/v2\/pages"}],"about":[{"href":"https:\/\/www.fundacionmas.ec\/inicio\/index.php\/wp-json\/wp\/v2\/types\/page"}],"author":[{"embeddable":true,"href":"https:\/\/www.fundacionmas.ec\/inicio\/index.php\/wp-json\/wp\/v2\/users\/1"}],"replies":[{"embeddable":true,"href":"https:\/\/www.fundacionmas.ec\/inicio\/index.php\/wp-json\/wp\/v2\/comments?post=804"}],"version-history":[{"count":30,"href":"https:\/\/www.fundacionmas.ec\/inicio\/index.php\/wp-json\/wp\/v2\/pages\/804\/revisions"}],"predecessor-version":[{"id":3149,"href":"https:\/\/www.fundacionmas.ec\/inicio\/index.php\/wp-json\/wp\/v2\/pages\/804\/revisions\/3149"}],"wp:featuredmedia":[{"embeddable":true,"href":"https:\/\/www.fundacionmas.ec\/inicio\/index.php\/wp-json\/wp\/v2\/media\/1256"}],"wp:attachment":[{"href":"https:\/\/www.fundacionmas.ec\/inicio\/index.php\/wp-json\/wp\/v2\/media?parent=804"}],"curies":[{"name":"wp","href":"https:\/\/api.w.org\/{rel}","templated":true}]}}